{"id":94152,"date":"2020-12-17T13:54:55","date_gmt":"2020-12-17T12:54:55","guid":{"rendered":"https:\/\/literaturgefluester.wordpress.com\/?page_id=94152"},"modified":"2020-12-17T13:54:55","modified_gmt":"2020-12-17T12:54:55","slug":"leseliste_2020","status":"publish","type":"page","link":"https:\/\/literaturgefluester.akis.site\/?page_id=94152","title":{"rendered":"Leseliste_2020"},"content":{"rendered":"<ol>\n<li style=\"list-style-type:none;\">\n<ol>\n<li><a href=\"https:\/\/literaturgefluester.wordpress.com\/?p=84959\">Claudia Pineiro &#8220;Betibu&#8221;<\/a><\/li>\n<li><a href=\"https:\/\/literaturgefluester.wordpress.com\/?p=85079\">Livia Klingl &#8220;Der L\u00fcgenpresser&#8221;<\/a><\/li>\n<li><a href=\"https:\/\/literaturgefluester.wordpress.com\/?p=85157&amp;preview=true\">Katja Oskamp &#8220;Halbschwimmer&#8221;<\/a><\/li>\n<li><a href=\"https:\/\/literaturgefluester.wordpress.com\/?p=85291&amp;preview=true\">Daniela Meisel &#8220;Wovon Schwalben tr\u00e4umen&#8221;<\/a><\/li>\n<li><a href=\"https:\/\/literaturgefluester.wordpress.com\/?p=85371\">Regine Koth Afzelius &#8220;Die letzte Partie&#8221;<\/a><\/li>\n<li><a href=\"https:\/\/literaturgefluester.wordpress.com\/?p=85424&amp;preview=true\">Sibylle Berg &#8220;Der Tag als meine Frau einen Mann fand&#8221;<\/a><\/li>\n<li><a href=\"https:\/\/literaturgefluester.wordpress.com\/?p=85592\">Liao Yiwu &#8220;Drei wertlose Visa und ein toter Reisepass&#8221;<\/a><\/li>\n<li><a href=\"https:\/\/literaturgefluester.wordpress.com\/?p=85723\">Birgit Vanderbeke &#8220;Wer dann noch lachen kann&#8221;<\/a><\/li>\n<li><a href=\"https:\/\/literaturgefluester.wordpress.com\/?p=85743&amp;preview=true\">Hilde Langthaler &#8220;Verwortungen&#8221;<\/a><\/li>\n<li><a href=\"https:\/\/literaturgefluester.wordpress.com\/?p=80472\">Radka Denemarkova &#8220;Ein herrlicher Flecken Erde&#8221;<\/a><\/li>\n<li><a href=\"https:\/\/literaturgefluester.wordpress.com\/?p=80636&amp;preview=true\">Jaroslav Rudis &#8220;Winterbergs letzte Reise&#8221;<\/a><\/li>\n<li><a href=\"https:\/\/literaturgefluester.wordpress.com\/?p=85236&amp;preview=true\">Zadie Smith &#8220;London N-W&#8221;<\/a><\/li>\n<li><a href=\"https:\/\/literaturgefluester.wordpress.com\/?p=85924&amp;preview=true\">Vea Kaiser &#8220;Blasmusikpop&#8221;<\/a><\/li>\n<li><a href=\"https:\/\/literaturgefluester.wordpress.com\/2020\/06\/30\/aber-das-bild-war-noch-da\/\">Christian M\u00e4hr &#8220;Aber das Bild war noch da&#8221;<\/a><\/li>\n<li><a href=\"https:\/\/literaturgefluester.wordpress.com\/?p=87326&amp;preview=true\">Isabella Straub &#8220;Das Fest des Windrads&#8221;<\/a><\/li>\n<li><a href=\"https:\/\/literaturgefluester.wordpress.com\/?p=86406&amp;preview=true\">Julia K. Stein &#8220;Vergoogelt&#8221;<\/a><\/li>\n<li><a href=\"https:\/\/literaturgefluester.wordpress.com\/?p=86465\">Raoul Biltgen &#8220;Jahrhundertsommer&#8221;<\/a><\/li>\n<li><a href=\"https:\/\/literaturgefluester.wordpress.com\/?p=87338&amp;preview=true\">Patricia Brooks &#8220;Die Grammatik der Zeit&#8221;<\/a><\/li>\n<li><a href=\"https:\/\/literaturgefluester.wordpress.com\/?p=87434&amp;preview=true\">Ivan Mandy &#8220;Kino alter Zeiten&#8221;<\/a><\/li>\n<li><a href=\"https:\/\/literaturgefluester.wordpress.com\/2020\/06\/24\/der-fanger-im-roggen\/\">J.D. Salinger &#8220;DerF\u00e4nger im Roggen&#8221;<\/a><\/li>\n<li><a href=\"https:\/\/literaturgefluester.wordpress.com\/?p=87366&amp;preview=true\">Karen K\u00f6hler &#8220;Wir haben Raketen geangelt&#8221;<\/a><\/li>\n<li><a href=\"https:\/\/literaturgefluester.wordpress.com\/2020\/08\/11\/yemen-cafe\/\">Evel<b>y<\/b>n Schlag &#8220;<b>Y<\/b>emen Cafe&#8221;<\/a><\/li>\n<li><a href=\"https:\/\/literaturgefluester.wordpress.com\/?p=86064&amp;preview=true\">Christoph Ransmayr &#8220;Cox oder der Lauf der Zeit&#8221;<\/a><\/li>\n<li><a href=\"https:\/\/literaturgefluester.wordpress.com\/?p=86537&amp;preview=true\">Wolf Haas &#8220;Das Wetter vor f\u00fcnfzehn Jahren&#8221;<\/a><\/li>\n<li><a href=\"https:\/\/literaturgefluester.wordpress.com\/?p=86557&amp;preview=true\">Astrid Rosenfeld &#8220;Adams Erbe&#8221;<\/a><\/li>\n<li><a href=\"https:\/\/literaturgefluester.wordpress.com\/2020\/07\/12\/im-stein\/\">Cemens Meyer &#8220;Im Stein&#8221;<\/a><\/li>\n<li><a href=\"https:\/\/literaturgefluester.wordpress.com\/?p=87132&amp;preview=true\">Jonas L\u00fcscher &#8220;Fr\u00fchling der Barbaren&#8221;<\/a><\/li>\n<li><a href=\"https:\/\/literaturgefluester.wordpress.com\/?p=87190&amp;preview=true\">Wladyslaw Szpilman &#8220;Der Pianist&#8221;<\/a><\/li>\n<li><a href=\"https:\/\/literaturgefluester.wordpress.com\/?p=81011\">Kathy Zarnegin &#8220;Chaya&#8221;<\/a><\/li>\n<li><a href=\"https:\/\/literaturgefluester.wordpress.com\/?p=84826\">Judith W. Taschler &#8220;Das Geburstagsfest&#8221;<\/a><\/li>\n<li><a href=\"https:\/\/literaturgefluester.wordpress.com\/?p=87698&amp;preview=true\">Svenja Leiber &#8220;Das letzte Land&#8221;<\/a><\/li>\n<li><a href=\"https:\/\/literaturgefluester.wordpress.com\/?p=84505&amp;preview=true\">Ulrike Winkler Hermaden &#8220;Lily und Jack&#8221;<\/a><\/li>\n<li><a href=\"https:\/\/literaturgefluester.wordpress.com\/?p=81180\">Eugen Ruge &#8220;Metropol&#8221;<\/a><\/li>\n<li><a href=\"https:\/\/literaturgefluester.wordpress.com\/2020\/01\/25\/der-hammer\/\">Dirk Stermann &#8220;Der Hammer&#8221;<\/a><\/li>\n<li><a href=\"https:\/\/literaturgefluester.wordpress.com\/?p=84491&amp;preview=true\">Michaela Lindinger &#8220;Hedy Lamarr&#8221;<\/a><\/li>\n<li><a href=\"https:\/\/literaturgefluester.wordpress.com\/?p=84726&amp;preview=true\">Gudrun Smole &#8220;Kanzleimord&#8221;<\/a><\/li>\n<li><a href=\"https:\/\/literaturgefluester.wordpress.com\/?p=79590\">Mattratel &#8220;Darf ich dir eine Pikante von mir vor vorstellen?&#8221;<\/a><\/li>\n<li><a href=\"https:\/\/literaturgefluester.wordpress.com\/2020\/01\/04\/cartoons-von-elisabeth-semrad\/\">Elisabeth Semrad &#8220;Die Waldorf Hundeschule&#8221;<\/a><\/li>\n<li><a href=\"https:\/\/literaturgefluester.wordpress.com\/?p=79638\">Dietmar F\u00fcssel &#8220;Mondgezeiten&#8221;<\/a><\/li>\n<li><a href=\"https:\/\/literaturgefluester.wordpress.com\/?p=79669\">&#8220;Das kleine Wiener Orakel&#8221;<\/a><\/li>\n<li><a href=\"https:\/\/literaturgefluester.wordpress.com\/?p=79687\">Andrea Camilleri &#8220;Brief an Matilda&#8221;<\/a><\/li>\n<li><a href=\"https:\/\/literaturgefluester.wordpress.com\/?p=79704\">&#8220;Cartoons f\u00fcr Juristen&#8221;<\/a><\/li>\n<li><a href=\"https:\/\/literaturgefluester.wordpress.com\/?p=79771&amp;preview=true\">Hans Richard Fischer &#8220;Unter den Armen und den Elenden Berlins&#8221;<\/a><\/li>\n<li><a href=\"https:\/\/literaturgefluester.wordpress.com\/?p=79852\">Ian McEwan &#8220;Die Kakerlake&#8221;<\/a><\/li>\n<li><a href=\"https:\/\/literaturgefluester.wordpress.com\/?p=79869\">Jan Dosenwerfer &#8220;Der Ball ist nicht aus Kuchen&#8221;<\/a><\/li>\n<li><a href=\"https:\/\/literaturgefluester.wordpress.com\/?p=79944\">J\u00f6rg-Uwe Albig &#8220;Zornfried&#8221;<\/a><\/li>\n<li><a href=\"https:\/\/literaturgefluester.wordpress.com\/?p=79963\">&#8220;Die Wunderkammer der deutschen Sprache&#8221;<\/a><\/li>\n<li><a href=\"https:\/\/literaturgefluester.wordpress.com\/?p=79554&amp;preview=true\">&#8220;Filmreiche Cartoons&#8221;<\/a><\/li>\n<li><a href=\"https:\/\/literaturgefluester.wordpress.com\/?p=79618&amp;preview=true\">Olga Tocarczuk &#8220;Der Gesang der Flederm\u00e4use&#8221;<\/a><\/li>\n<li><a href=\"https:\/\/literaturgefluester.wordpress.com\/2020\/12\/24\/kerzen-killer-krippenspiel\/\">&#8220;Kerzen, Killer, Krippenspiel &#8211; 24 Weihnachtskrimis&#8221;<\/a><\/li>\n<li><a href=\"https:\/\/literaturgefluester.wordpress.com\/?p=80199\">&#8220;2019 in Cartoons und Grafiken&#8221;<\/a><\/li>\n<li><a href=\"https:\/\/literaturgefluester.wordpress.com\/?p=80403\">Maria Frenk &#8220;Ewig her und gar nicht wahr&#8221;<\/a><\/li>\n<li><a href=\"https:\/\/literaturgefluester.wordpress.com\/?p=81621\">Cornelia Travnicek &#8220;Feenstaub&#8221;<\/a><\/li>\n<li><a href=\"https:\/\/literaturgefluester.wordpress.com\/?p=80551\">Thomas Ziebula &#8220;Der rote Judas&#8221;<\/a><\/li>\n<li><a href=\"https:\/\/literaturgefluester.wordpress.com\/?p=80754\">Alix Ohlin &#8220;Robin und Lark&#8221;<\/a><\/li>\n<li><a href=\"https:\/\/literaturgefluester.wordpress.com\/?p=80770\">David Albahari &#8220;Heute ist Mittwoch&#8221;<\/a><\/li>\n<li><a href=\"https:\/\/literaturgefluester.wordpress.com\/?p=80904\">Simone Hirth &#8220;Das Loch&#8221;<\/a><\/li>\n<li><a href=\"https:\/\/literaturgefluester.wordpress.com\/?p=80930\">Kathrin Weissling &#8220;Nix passiert&#8221;<\/a><\/li>\n<li><a href=\"https:\/\/literaturgefluester.wordpress.com\/?p=80950\">Lucia Leidenfrost &#8220;Wir verlassenen Kinder&#8221;<\/a><\/li>\n<li><a href=\"https:\/\/literaturgefluester.wordpress.com\/?p=81212&amp;preview=true\">Margit Heumann &#8220;Zwei M\u00fctter sind eine zuviel&#8221;<\/a><\/li>\n<li><a href=\"https:\/\/literaturgefluester.wordpress.com\/?p=81239\">Maren Kames &#8220;luna luna&#8221;<\/a><\/li>\n<li><a href=\"https:\/\/literaturgefluester.wordpress.com\/?p=81564\">George Eliot &#8220;Middlemarch&#8221;<\/a><\/li>\n<li><a href=\"https:\/\/literaturgefluester.wordpress.com\/?p=81810\">Michael Martens &#8220;Im Brand der Welten. Ivo Andic. Ein europ\u00e4isches Leben&#8221;<\/a><\/li>\n<li><a href=\"https:\/\/literaturgefluester.wordpress.com\/?p=81769\">Jonas L\u00fcscher &#8220;Ins Erz\u00e4hlen fl\u00fcchten&#8221;<\/a><\/li>\n<li><a href=\"https:\/\/literaturgefluester.wordpress.com\/?p=81980\">Charles Baudelaire &#8220;Der Spleen von Paris&#8221;<\/a><\/li>\n<li><a href=\"https:\/\/literaturgefluester.wordpress.com\/?p=83164\">Antonia Riepp &#8220;Belmonte&#8221;<\/a><\/li>\n<li><a href=\"https:\/\/literaturgefluester.wordpress.com\/?p=82226\">Fran Ross &#8220;Oreo&#8221;<\/a><\/li>\n<li><a href=\"https:\/\/literaturgefluester.wordpress.com\/?p=82242&amp;preview=true\">Peter Simon Altmann &#8220;Das Andere&#8221;<\/a><\/li>\n<li><a href=\"https:\/\/literaturgefluester.wordpress.com\/?p=82302\">Daniel Zipfel &#8220;Die Wahrheit der Anderen&#8221;<\/a><\/li>\n<li><a href=\"https:\/\/literaturgefluester.wordpress.com\/?p=82331&amp;preview=true\">Lydia Haider (Hg) &#8220;Und wie wir hassen!&#8221;<\/a><\/li>\n<li><a href=\"https:\/\/literaturgefluester.wordpress.com\/?p=82376\">Paula Irmschler &#8220;Superbusen&#8221;<\/a><\/li>\n<li><a href=\"https:\/\/literaturgefluester.wordpress.com\/?p=82398\">Clarice Lispector &#8220;Tagtraum und Trunkenheit einer jungen Frau&#8221;<\/a><\/li>\n<li><a href=\"https:\/\/literaturgefluester.wordpress.com\/?p=82524\">Ingo Schulze &#8220;Die rechtschaffenen M\u00f6rder&#8221;<\/a><\/li>\n<li><a href=\"https:\/\/literaturgefluester.wordpress.com\/?p=82564\">David Fuchs &#8220;Leichte B\u00f6den&#8221;<\/a><\/li>\n<li><a href=\"https:\/\/literaturgefluester.wordpress.com\/?p=82665\">Remigiusz Mroz &#8220;Bis zum Ende&#8221;<\/a><\/li>\n<li><a href=\"https:\/\/literaturgefluester.wordpress.com\/?p=82929&amp;preview=true\">Ulrich Becher Murmeljagd&#8221;<\/a><\/li>\n<li><a href=\"https:\/\/literaturgefluester.wordpress.com\/?p=83189\">&#8220;Jahrbuch der Lyrik 2020&#8221;<\/a><\/li>\n<li><a href=\"https:\/\/literaturgefluester.wordpress.com\/?p=83288&amp;preview=true\">Nadja K\u00fcchenmeister &#8220;Im Glasberg&#8221;<\/a><\/li>\n<li><a href=\"https:\/\/literaturgefluester.wordpress.com\/?p=83308\">Leif Randt &#8220;Allegro Pastell&#8221;<\/a><\/li>\n<li><a href=\"https:\/\/literaturgefluester.wordpress.com\/?p=83478\">Jiri Weil &#8220;Leben mit dem Stern&#8221;<\/a><\/li>\n<li><a href=\"https:\/\/literaturgefluester.wordpress.com\/?p=83711\">Sebastian Themessl &#8220;Wo dein sanfter Fl\u00fcgel weilt&#8221;<\/a><\/li>\n<li><a href=\"https:\/\/literaturgefluester.wordpress.com\/?p=83789\">Andrea Camilleri &#8220;Kilometer 123&#8221;<\/a><\/li>\n<li><a href=\"https:\/\/literaturgefluester.wordpress.com\/?p=83501&amp;preview=true\">Nele Pollatschek &#8220;Dear Oxbridge&#8221;<\/a><\/li>\n<li><a href=\"https:\/\/literaturgefluester.wordpress.com\/?p=83827&amp;preview=true\">Katja Jungwirth &#8220;Meine Mutter, das Alter und ich&#8221;<\/a><\/li>\n<li><a href=\"https:\/\/literaturgefluester.wordpress.com\/?p=83687\">Martin Caparros &#8220;V\u00e4terland&#8221;<\/a><\/li>\n<li><a href=\"https:\/\/literaturgefluester.wordpress.com\/?p=83904\">Bov Bjerg &#8220;Serpentinen&#8221;<\/a><\/li>\n<li><a href=\"https:\/\/literaturgefluester.wordpress.com\/?p=84010\">Lutz Seiler &#8220;Stern 111&#8221;<\/a><\/li>\n<li><a href=\"https:\/\/literaturgefluester.wordpress.com\/?p=84085\">Eshkol Nevo &#8220;Die Wahrheit ist&#8221;<\/a><\/li>\n<li><a href=\"https:\/\/literaturgefluester.wordpress.com\/?p=86914&amp;preview=true\">Ulrike Almut Sandig &#8220;Monster wie wir&#8221;<\/a><\/li>\n<li><a href=\"https:\/\/literaturgefluester.wordpress.com\/?p=88020&amp;preview=true\">Sascha Reh &#8220;Gro\u00dfes\u00a0 Kino&#8221;<\/a><\/li>\n<li><a href=\"https:\/\/literaturgefluester.wordpress.com\/2020\/05\/19\/trojanische-pferde\/\">Philip Kerr &#8220;Trojanische Pferde&#8221;<\/a><\/li>\n<li><a href=\"https:\/\/literaturgefluester.wordpress.com\/?p=84127\">Paolo Giordano &#8220;In Zeiten der Ansteckung&#8221;<\/a><\/li>\n<li><a href=\"https:\/\/literaturgefluester.wordpress.com\/?p=84208&amp;preview=true\">Dave Eggers &#8220;Der gr\u00f6\u00dfte Kapit\u00e4n aller\u00a0 Zeiten&#8221;<\/a><\/li>\n<li><a href=\"https:\/\/literaturgefluester.wordpress.com\/?p=84335&amp;preview=true\">Sasha Filipenko &#8220;Rote Kreuze&#8221;<\/a><\/li>\n<li><a href=\"https:\/\/literaturgefluester.wordpress.com\/?p=84463\">Daniela Krien &#8220;Muldenthal&#8221;<\/a><\/li>\n<li><a href=\"https:\/\/literaturgefluester.wordpress.com\/?p=84354\">David Gray &#8220;Das M\u00f6\u00f6p&#8221;<\/a><\/li>\n<li><a href=\"https:\/\/literaturgefluester.wordpress.com\/?p=84354\">Marlene Streeruwitz &#8220;So ist die Welt geworden&#8221;<\/a><\/li>\n<li><a href=\"https:\/\/literaturgefluester.wordpress.com\/2020\/09\/02\/ein-tag-wird-kommen\/\">Guilia Caminito &#8220;Ein Tag wird kommen&#8221;<\/a><\/li>\n<li><a href=\"https:\/\/literaturgefluester.wordpress.com\/?p=87018&amp;preview=true\">Bernhard Schlink &#8220;Abschiedsfarben&#8221;<\/a><\/li>\n<li><a href=\"https:\/\/literaturgefluester.wordpress.com\/2020\/08\/31\/der-halbbart\/\">Charles Lewinsky &#8220;Der Halbbart&#8221;<\/a><\/li>\n<li><a href=\"https:\/\/literaturgefluester.wordpress.com\/?p=88707&amp;preview=true\">Eva Roman &#8220;Pax&#8221;<\/a><\/li>\n<li><a href=\"https:\/\/literaturgefluester.wordpress.com\/?p=85443&amp;preview=true\">&#8220;Pandemische Zeiten&#8221;<\/a><\/li>\n<li><a href=\"https:\/\/literaturgefluester.wordpress.com\/?p=85621&amp;preview=true\">Michael Scharang &#8220;Aufruhr&#8221;<\/a><\/li>\n<li><a href=\"https:\/\/literaturgefluester.wordpress.com\/?p=85637&amp;preview=true\">Susanne Kerckhoff &#8220;Berliner Briefe&#8221;<\/a><\/li>\n<li><a href=\"https:\/\/literaturgefluester.wordpress.com\/?p=85708&amp;preview=true\">Jonathon Coe &#8220;Middle England&#8221;<\/a><\/li>\n<li>&#8220;<a href=\"https:\/\/literaturgefluester.wordpress.com\/?p=85685&amp;preview=true\">Autofahren in leiwanden Grafiken&#8221;<\/a><\/li>\n<li><a href=\"https:\/\/literaturgefluester.wordpress.com\/?p=88808&amp;preview=true\">Helen Weinzweig &#8220;Von Hand zu Hand&#8221;<\/a><\/li>\n<li><a href=\"https:\/\/literaturgefluester.wordpress.com\/?p=86110&amp;preview=true\">Roswitha Springschitz &#8220;Unsere unverhoffte Reise&#8221;<\/a><\/li>\n<li><a href=\"https:\/\/literaturgefluester.wordpress.com\/2020\/07\/05\/ich-bin-kein-dummes-buch\/\">&#8220;Ich bin kein dummes Buch&#8221;<\/a><\/li>\n<li><a href=\"https:\/\/literaturgefluester.wordpress.com\/2020\/07\/17\/writers-lovers\/\">Lily King&#8221;Writers &amp; Lovers&#8221;<\/a><\/li>\n<li>\u00a0<a href=\"https:\/\/literaturgefluester.wordpress.com\/?p=86866&amp;preview_id=86866&amp;preview_nonce=04ea3db0e0&amp;preview=true\">Emily Carr &#8220;Klee Wyck &#8211; die, die lacht&#8221;<\/a><\/li>\n<li><a href=\"https:\/\/literaturgefluester.wordpress.com\/?p=87095&amp;preview=true\">Dr. Karina Reiss, Dr. Sucharit Bhakadi &#8220;Corona Fehlalarm&#8221;<\/a><\/li>\n<li><a href=\"https:\/\/literaturgefluester.wordpress.com\/?p=86977&amp;preview=true\">Laura Lichtblau &#8220;Schwarzpulver&#8221;<\/a><\/li>\n<li><a href=\"https:\/\/literaturgefluester.wordpress.com\/?p=87869&amp;preview=true\">Barbara Riegler &#8220;Fri\u00df oder stirb&#8221;<\/a><\/li>\n<li><a href=\"https:\/\/literaturgefluester.wordpress.com\/?p=87791&amp;preview=true\">Stephan Roiss &#8220;Triceratops&#8221;<\/a><\/li>\n<li><a href=\"https:\/\/literaturgefluester.wordpress.com\/?p=87405&amp;preview=true\">&#8220;Goldene Cartoons&#8221;<\/a><\/li>\n<li><a href=\"https:\/\/literaturgefluester.wordpress.com\/?p=88214&amp;preview=true\">Justin Steinfeld &#8220;Ein Mann liest Zeitung&#8221;<\/a><\/li>\n<li><a href=\"https:\/\/literaturgefluester.wordpress.com\/?p=88831&amp;preview=true\">Helena Adler &#8220;Die\u00a0 Infantin tr\u00e4gt den Scheitel links&#8221;<\/a><\/li>\n<li><a href=\"https:\/\/literaturgefluester.wordpress.com\/?p=88936&amp;preview=true\">Birgit Birnbacher &#8220;Ich an meiner Seite&#8221;<\/a><\/li>\n<li>D<a href=\"https:\/\/literaturgefluester.wordpress.com\/?p=88720&amp;preview=true\">orothee Elmiger &#8220;Aus der Zuckerfabrik&#8221;<\/a><\/li>\n<li><a href=\"https:\/\/literaturgefluester.wordpress.com\/?p=88986&amp;preview=true\">Robert Seethaler &#8220;Der letzte Satz&#8221;<\/a><\/li>\n<li><a href=\"https:\/\/literaturgefluester.wordpress.com\/?p=89091&amp;preview=true\">Jens Wonneberger &#8220;Mission Pflaumenbaum&#8221;<\/a><\/li>\n<li><a href=\"https:\/\/literaturgefluester.wordpress.com\/2020\/09\/20\/die-schwarze-stunde\/\">Antonio Manzini &#8220;Die schwarze Stunde&#8221;<\/a><\/li>\n<li><a href=\"https:\/\/literaturgefluester.wordpress.com\/?p=89338\">Jodi Dean &#8220;Genossen&#8221;<\/a><\/li>\n<li><a href=\"https:\/\/literaturgefluester.wordpress.com\/?p=88821&amp;preview=true\">Kurt Drawert &#8220;Dresden. Die zweite Zeit&#8221;<\/a><\/li>\n<li><a href=\"https:\/\/literaturgefluester.wordpress.com\/2020\/09\/27\/1929-frauen-im-jahr-babylon\/\">Unda H\u00f6rner &#8220;1929 Frauen im Jahr Babylon&#8221;<\/a><\/li>\n<li><a href=\"https:\/\/literaturgefluester.wordpress.com\/2020\/09\/30\/himmel-auf-zeit\/\">Karen Grol &#8220;Himmel auf Zeit&#8221;<\/a><\/li>\n<li><a href=\"https:\/\/literaturgefluester.wordpress.com\/?p=89741&amp;preview=true\">Roman Ehrlich &#8220;Male&#8221;<\/a><\/li>\n<li><a href=\"https:\/\/literaturgefluester.wordpress.com\/?p=89820&amp;preview=true\">Arno Camenisch &#8220;Goldene Jahre&#8221;<\/a><\/li>\n<li><a href=\"https:\/\/literaturgefluester.wordpress.com\/?p=89959&amp;preview=true\">Eva Sichelschmidt &#8220;Bis wieder einer weint&#8221;<\/a><\/li>\n<li><a href=\"https:\/\/literaturgefluester.wordpress.com\/?p=90085&amp;preview=true\">Linus Giese &#8220;Ich bin Linus&#8221;<\/a><\/li>\n<li><a href=\"https:\/\/literaturgefluester.wordpress.com\/?p=90288&amp;preview=true\">Iris Wolff &#8220;Die Unsch\u00e4rfe der Welt&#8221;<\/a><\/li>\n<li><a href=\"https:\/\/literaturgefluester.wordpress.com\/?p=90333&amp;preview=true\">Thomas Hettche &#8220;Herzfaden&#8221;<\/a><\/li>\n<li><a href=\"https:\/\/literaturgefluester.wordpress.com\/?p=90377&amp;preview=true\">Christine Wunnicke &#8220;Die Dame mit der bemalten Hand&#8221;<\/a><\/li>\n<li><a href=\"https:\/\/literaturgefluester.wordpress.com\/?p=90472&amp;preview=true\">Philipp Winkler &#8220;Carnival&#8221;<\/a><\/li>\n<li><a href=\"https:\/\/literaturgefluester.wordpress.com\/?p=90714&amp;preview=true\">Stefanie Gregg &#8220;Nebelkinder&#8221;<\/a><\/li>\n<li><a href=\"https:\/\/literaturgefluester.wordpress.com\/?p=90779&amp;preview=true\">Ilona Hartmann &#8220;Land in Sicht&#8221;<\/a><\/li>\n<\/ol>\n<\/li>\n<\/ol>\n<p><a href=\"https:\/\/literaturgefluester.wordpress.com\/?p=90814&amp;preview=true\">138. Valerie Fritsch &#8220;Herzklappen von Johnson &amp;Johnson&#8221;<\/a><\/p>\n<p><a href=\"https:\/\/literaturgefluester.wordpress.com\/?p=90859&amp;preview=true\">139. Martin Peichl &#8220;In einer komplizierten Beziehung mit\u00a0 \u00d6sterreich&#8221;<\/a><\/p>\n<p><a href=\"https:\/\/literaturgefluester.wordpress.com\/?p=91035&amp;preview=true\">140.Olivia Wenzel &#8220;1000 Serpentinen Angst&#8221;<\/a><\/p>\n<p><a href=\"https:\/\/literaturgefluester.wordpress.com\/?p=91087&amp;preview=true\">141.Deniz Ohde &#8220;Streulicht&#8221;<\/a><\/p>\n<p>142.<a href=\"https:\/\/literaturgefluester.wordpress.com\/?p=91379&amp;preview=true\">Frank Witzel &#8220;Inniger Schiffbruch&#8221;<\/a><\/p>\n<p><a href=\"https:\/\/literaturgefluester.wordpress.com\/?p=91437&amp;preview=true\">143. Xaver Bayer &#8220;Geschichten mit Marianne&#8221;<\/a><\/p>\n<p><a href=\"https:\/\/literaturgefluester.wordpress.com\/?p=91797&amp;preview=true\">144. Ludwig Fels &#8220;Mondbeben&#8221;<\/a><\/p>\n<p>1<a href=\"https:\/\/literaturgefluester.wordpress.com\/?p=92099&amp;preview=true\">45.Melitta Breznik &#8220;Mutter&#8221;<\/a><\/p>\n<p><a href=\"https:\/\/literaturgefluester.wordpress.com\/?p=91973&amp;preview=true\">146.Monika Helfer &#8220;Bagage&#8221;<\/a><\/p>\n<p><a href=\"https:\/\/literaturgefluester.wordpress.com\/?p=92099&amp;preview=true\">147.Karin Peschka &#8220;Putzt euch, tanzt, lacht&#8221;<\/a><\/p>\n<p>148<a href=\"https:\/\/literaturgefluester.wordpress.com\/?p=92136&amp;preview=true\">. Verena Stauffer &#8220;Ousia&#8221;<\/a><\/p>\n<p><a href=\"https:\/\/literaturgefluester.wordpress.com\/?p=91612\">149 .Michael Stavaric &#8220;Fremdes Licht&#8221;<\/a><\/p>\n<p><a href=\"https:\/\/literaturgefluester.wordpress.com\/?p=92168&amp;preview=true\">150.Gunther Neumann &#8220;\u00dcber allem und nichts&#8221;<\/a><\/p>\n<p><a href=\"https:\/\/literaturgefluester.wordpress.com\/?p=92420&amp;preview=true\">151.Ilija Trojanow &#8220;Doppelte Spur&#8221;<\/a><\/p>\n<p><a href=\"https:\/\/literaturgefluester.wordpress.com\/?p=92870&amp;preview=true\">152. Leander Fischer &#8220;Die Forelle&#8221;<\/a><\/p>\n<p><a href=\"https:\/\/literaturgefluester.wordpress.com\/?p=93050&amp;preview=true\">153. Petra Piuk, Barbara Filips &#8220;Wenn Rot kommt&#8221;<\/a><\/p>\n<p><a href=\"https:\/\/literaturgefluester.wordpress.com\/?p=93080&amp;preview=true\">154.Werner Rohner &#8220;Was m\u00f6glich ist&#8221;<\/a><\/p>\n<p><a href=\"https:\/\/literaturgefluester.wordpress.com\/?p=93239&amp;preview=true\">155. Arawind Adiga &#8220;Amnestie&#8221;<\/a><\/p>\n<p><a href=\"https:\/\/literaturgefluester.wordpress.com\/?p=93305&amp;preview=true\">157.Karl R\u00fchmann &#8220;Der Held&#8221;<\/a><\/p>\n<p><a href=\"https:\/\/literaturgefluester.wordpress.com\/?p=93388&amp;preview=true\">158. Anna Stern &#8220;das alles hier jetzt.&#8221;<\/a><\/p>\n<p><a href=\"https:\/\/literaturgefluester.wordpress.com\/?p=93649&amp;preview=true\">159. Anne Weber &#8220;Anette, ein Heldinnenepos&#8221;<\/a><\/p>\n<p><a href=\"https:\/\/literaturgefluester.wordpress.com\/2020\/12\/12\/das-palais-mus-brennen\/\">160.Mercedes Spannagel &#8220;Das Palais mu\u00df brennen&#8221;<\/a><\/p>\n<p><a href=\"https:\/\/literaturgefluester.wordpress.com\/?p=93872&amp;preview=true\">161. Tom Kummer &#8220;Von schlechten Eltern&#8221;<\/a><\/p>\n<p><a href=\"https:\/\/literaturgefluester.wordpress.com\/?p=93911&amp;preview=true\">162.Timothy Snyder &#8220;Die amerikanische Krankheit&#8221;<\/a><\/p>\n<p><a href=\"https:\/\/literaturgefluester.wordpress.com\/?p=93934&amp;preview=true\">163.Zadie Smith &#8220;Betrachtungen&#8221;<\/a><\/p>\n<p><a href=\"https:\/\/literaturgefluester.wordpress.com\/?p=94246&amp;preview=true\">164.Margaret Goldsmith &#8220;Patience geht vor\u00fcber&#8221;<\/a><\/p>\n<p><a href=\"https:\/\/literaturgefluester.wordpress.com\/?p=94706&amp;preview=true\">165. Alma M. Karlin &#8220;Im Banne der S\u00fcdsee&#8221;<\/a><\/p>\n<p><a href=\"https:\/\/literaturgefluester.wordpress.com\/?p=94383&amp;preview=true\">166.Cihan Acar &#8220;Hawai&#8221;<\/a><\/p>\n<p><a href=\"https:\/\/literaturgefluester.wordpress.com\/?p=94533&amp;preview=true\">167. Amanda Lasker-Berlin &#8220;Elijas Lied&#8221;<\/a><\/p>\n<p><a href=\"https:\/\/literaturgefluester.wordpress.com\/?p=94659&amp;preview=true\">168.David Misch &#8220;Schatten \u00fcber den Brettern&#8221;<\/a><\/p>\n<p>\u00a0<\/p>\n\n\n<p><\/p>\n\n\n\n<p><\/p>\n\n\n\n<p><\/p>\n\n\n\n<p><\/p>\n\n\n\n<p><\/p>\n\n\n\n<p><\/p>\n\n\n\n<p><\/p>\n\n\n\n<p><\/p>\n\n\n\n<p><\/p>\n\n\n\n<p><\/p>\n\n\n\n<p><\/p>\n\n\n\n<p><\/p>\n","protected":false},"excerpt":{"rendered":"<p>Claudia Pineiro &#8220;Betibu&#8221; Livia Klingl &#8220;Der L\u00fcgenpresser&#8221; Katja Oskamp &#8220;Halbschwimmer&#8221; Daniela Meisel &#8220;Wovon Schwalben tr\u00e4umen&#8221; Regine Koth Afzelius &#8220;Die letzte Partie&#8221; Sibylle Berg &#8220;Der Tag als meine Frau einen Mann fand&#8221; Liao Yiwu &#8220;Drei wertlose Visa und ein toter Reisepass&#8221; &hellip; <a href=\"https:\/\/literaturgefluester.akis.site\/?page_id=94152\">Continue reading <span class=\"meta-nav\">&rarr;<\/span><\/a><\/p>\n","protected":false},"author":1,"featured_media":0,"parent":0,"menu_order":20,"comment_status":"open","ping_status":"open","template":"","meta":{"footnotes":""},"class_list":["post-94152","page","type-page","status-publish","hentry"],"_links":{"self":[{"href":"https:\/\/literaturgefluester.akis.site\/index.php?rest_route=\/wp\/v2\/pages\/94152","targetHints":{"allow":["GET"]}}],"collection":[{"href":"https:\/\/literaturgefluester.akis.site\/index.php?rest_route=\/wp\/v2\/pages"}],"about":[{"href":"https:\/\/literaturgefluester.akis.site\/index.php?rest_route=\/wp\/v2\/types\/page"}],"author":[{"embeddable":true,"href":"https:\/\/literaturgefluester.akis.site\/index.php?rest_route=\/wp\/v2\/users\/1"}],"replies":[{"embeddable":true,"href":"https:\/\/literaturgefluester.akis.site\/index.php?rest_route=%2Fwp%2Fv2%2Fcomments&post=94152"}],"version-history":[{"count":0,"href":"https:\/\/literaturgefluester.akis.site\/index.php?rest_route=\/wp\/v2\/pages\/94152\/revisions"}],"wp:attachment":[{"href":"https:\/\/literaturgefluester.akis.site\/index.php?rest_route=%2Fwp%2Fv2%2Fmedia&parent=94152"}],"curies":[{"name":"wp","href":"https:\/\/api.w.org\/{rel}","templated":true}]}}