{"id":94145,"date":"2020-12-17T13:44:56","date_gmt":"2020-12-17T12:44:56","guid":{"rendered":"https:\/\/literaturgefluester.wordpress.com\/?page_id=94145"},"modified":"2020-12-17T13:44:56","modified_gmt":"2020-12-17T12:44:56","slug":"leseliste_2022","status":"publish","type":"page","link":"https:\/\/literaturgefluester.akis.site\/?page_id=94145","title":{"rendered":"Leseliste_2022"},"content":{"rendered":"\n<p><\/p>\n\n\n\n<p><a href=\"\/\/literaturgefluester.wordpress.com\/2022\/07\/18\/der-aufstand-der-ungeniesbaren\/\">1.Edo Popovic \u201eDer Aufstand der Ungenie\u00dfbaren\u201c<\/a><\/p>\n\n\n\n<p><a href=\"https:\/\/literaturgefluester.wordpress.com\/2022\/08\/14\/der-einzige-mann-auf-dem-kontinent\/\">2. Terezia Mora \u201eDer einzige Mann auf dem Kontinent\u201c<\/a><\/p>\n\n\n\n<p><a href=\"https:\/\/literaturgefluester.wordpress.com\/2022\/08\/11\/der-scheiterhaufen\/\">3.Gy\u00f6rgy Dragoman \u201eDer Scheiterhaufen\u201c<\/a><\/p>\n\n\n\n<p><a href=\"https:\/\/literaturgefluester.wordpress.com\/2022\/12\/24\/der-kleine-adventsbegleiter\/\">4. \u201eDer kleine Adventsbegleiter\u201c<\/a><\/p>\n\n\n\n<p><a href=\"https:\/\/literaturgefluester.wordpress.com\/2022\/08\/05\/hier-gehts-lang\/\">5.Elke Heidenreich &#8220;Hier geht`s lang&#8221;<\/a><\/p>\n\n\n\n<p><a href=\"https:\/\/literaturgefluester.wordpress.com\/\">6.Dantiel M. Monitz &#8220;Milch Blut Hitze&#8221;<\/a><\/p>\n\n\n\n<p><a href=\"https:\/\/literaturgefluester.wordpress.com\/2022\/02\/19\/der-feuerturm\/\">7. Catalin Dorian  Florescu &#8220;Feuerturm&#8221;<\/a><\/p>\n\n\n\n<p><a href=\"\/\/literaturgefluester.wordpress.com\/2022\/01\/05\/adas-raum\/\">8.Sharon Dodua Otoo &#8220;Adas Traum&#8221;<\/a><\/p>\n\n\n\n<p><a href=\"\/literaturgefluester.wordpress.com\/2022\/01\/08\/die-gegenstimme\/#respond\">9.Thomas Arzt &#8220;Die Gegenstimme&#8221;<\/a><\/p>\n\n\n\n<p><a href=\"\/\/literaturgefluester.wordpress.com\/2022\/01\/09\/was-bleibt-wenn-wir-sterben\/\">10.Louise Brown &#8220;Was bleibt wenn wir sterben&#8221;<\/a><\/p>\n\n\n\n<p><a href=\"\/\/literaturgefluester.wordpress.com\/2022\/01\/16\/heimweh\/\">11.Graham Norton &#8220;Heimweh&#8221;<\/a><\/p>\n\n\n\n<p><a href=\"\/\/literaturgefluester.wordpress.com\/2022\/01\/22\/wlkenkuckucksland\/\">12.Anthony Doerr &#8220;Wolkenkuckuchksland&#8221;<\/a><\/p>\n\n\n\n<p><a href=\"\/literaturgefluester.wordpress.com\/2022\/01\/27\/sandseele\/#respond\">13.Wolf Gregis &#8220;Sandseele&#8221;<\/a><\/p>\n\n\n\n<p><a href=\"http:\/\/:\/\/literaturgefluester.wordpress.com\/2022\/01\/29\/tahiti-utopia\/\">14.Michal Hvorecky &#8220;Tahiti Utopia<\/a>&#8220;<\/p>\n\n\n\n<p>15<a href=\"\/\/literaturgefluester.wordpress.com\/2022\/01\/31\/feuerland-2\/#respond\">.Michael Hugentobler &#8220;Feuerland&#8221;<\/a><\/p>\n\n\n\n<p><a href=\"\/\/literaturgefluester.wordpress.com\/2022\/02\/04\/die-frauen-von-schonbrunn\/\">16.Beate Maly &#8220;Die Frauen von Sch\u00f6nbrunn&#8221;<\/a><\/p>\n\n\n\n<p><a href=\"https:\/\/literaturgefluester.wordpress.com\/2022\/02\/09\/aus-einer-zeit\/\">17.Maximilian Zech &#8220;Aus einer Zeit&#8221;<\/a><\/p>\n\n\n\n<p><a href=\"https:\/\/literaturgefluester.wordpress.com\/2022\/07\/11\/salonfahig\/#respond\">18.Elias Hirschl &#8220;Salonf\u00e4hig&#8221;<\/a><\/p>\n\n\n\n<p><a href=\"https:\/\/literaturgefluester.wordpress.com\/2022\/02\/13\/saruj\/\">19. Bilbo Calvez &#8220;Saruj&#8221;<\/a><\/p>\n\n\n\n<p><a href=\"\/\/literaturgefluester.wordpress.com\/2022\/01\/23\/bananenangst\/#respond\">20.Patricia Modispacher &#8220;Bananenangst&#8221;<\/a><\/p>\n\n\n\n<p><a href=\"\/\/literaturgefluester.wordpress.com\/2022\/01\/03\/junge-mit-starken-hahn\/\">21.Stefanie<\/a> <a href=\"\/\/literaturgefluester.wordpress.com\/2022\/01\/03\/junge-mit-starken-hahn\/\">vor Schulte &#8220;Junge  mit schwarzen Hahn&#8221;<\/a><\/p>\n\n\n\n<p><a href=\"https:\/\/literaturgefluester.wordpress.com\/2022\/02\/26\/die-ubung\/\">22. Claudia Petrucci &#8220;Die \u00dcbung&#8221;<\/a><\/p>\n\n\n\n<p><a href=\"https:\/\/literaturgefluester.wordpress.com\/2022\/03\/05\/happy-green-family\/#respond\">23.Deb Olin Unferth &#8220;Happy green family&#8221;<\/a><\/p>\n\n\n\n<p><a href=\"https:\/\/literaturgefluester.wordpress.com\/2022\/02\/24\/spate-kinder\/\">24.Anself Neft &#8220;Sp\u00e4te Kinder&#8221;<\/a><\/p>\n\n\n\n<p><a href=\"https:\/\/literaturgefluester.wordpress.com\/2022\/03\/02\/die-dharmajager\/\">25.Jack Kerouac &#8220;Die Dharma-J\u00e4ger&#8221;<\/a><\/p>\n\n\n\n<p><a href=\"https:\/\/literaturgefluester.wordpress.com\/2022\/03\/10\/ich-ist-ein-anderer\/#respond\">26.Jon Fosse &#8220;Ich ist ein anderer&#8221;<\/a><\/p>\n\n\n\n<p><a href=\"https:\/\/literaturgefluester.wordpress.com\/2022\/03\/12\/die-malavoglia\/\">27.Giovanni Verga &#8220;Die Malavoglia&#8221;<\/a><\/p>\n\n\n\n<p><a href=\"https:\/\/literaturgefluester.wordpress.com\/2022\/03\/13\/operation-kasper\/\">28.Bora Cosic &#8220;Operation Kaspar&#8221;<\/a><\/p>\n\n\n\n<p><a href=\"https:\/\/literaturgefluester.wordpress.com\/2022\/03\/15\/ballade-vom-tag-der-nicht-voruber-ist\/\">29.Gert Losch\u00fctz &#8220;Ballade vom Tag der nicht vor\u00fcber ist&#8221;<\/a><\/p>\n\n\n\n<p><a href=\"https:\/\/literaturgefluester.wordpress.com\/2022\/03\/19\/langeweile\/\">30.Isabella Feimer &#8220;Langeweile&#8221;<\/a><\/p>\n\n\n\n<p><a href=\"https:\/\/literaturgefluester.wordpress.com\/2022\/03\/25\/drachen-jagen\/\">31.Kerstin Herrenkind &#8220;Drachen jagen&#8221;<\/a><\/p>\n\n\n\n<p><a href=\"https:\/\/literaturgefluester.wordpress.com\/2022\/03\/27\/ein-prasident-verschwindet\/\">32.Ralf Langroth &#8220;Ein Pr\u00e4sident verschwindet&#8221;<\/a><\/p>\n\n\n\n<p><a href=\"https:\/\/literaturgefluester.wordpress.com\/2022\/03\/30\/kerbungen\/\">33.Hilde und Richard Langthaler &#8220;Kerbungen&#8221;<\/a><\/p>\n\n\n\n<p><a href=\"https:\/\/literaturgefluester.wordpress.com\/2022\/03\/31\/aibohphobia\/\">34. Kurt Fleisch &#8220;Aibohphobia&#8221;<\/a><\/p>\n\n\n\n<p><a href=\"https:\/\/literaturgefluester.wordpress.com\/2022\/04\/01\/gesichter\/\">35.Tove Ditlevsen &#8220;Gesichter&#8221;<\/a><\/p>\n\n\n\n<p><a href=\"https:\/\/literaturgefluester.wordpress.com\/2022\/04\/06\/eine-runde-sache\/\">36.Tomer Gardi &#8220;Eine runde Sache&#8221;<\/a><\/p>\n\n\n\n<p><a href=\"https:\/\/literaturgefluester.wordpress.com\/2022\/04\/09\/etymologischer-gossip\/\">37.Uljana Wolf &#8220;Etymologischer Gossip&#8221;<\/a><\/p>\n\n\n\n<p><a href=\"https:\/\/literaturgefluester.wordpress.com\/2022\/04\/10\/alles-was-wir-nicht-erinnern\/\">38.Christiane Hoffmann &#8220;Alles, was wir nicht erinnern&#8221;<\/a><\/p>\n\n\n\n<p><a href=\"https:\/\/literaturgefluester.wordpress.com\/2022\/04\/05\/heute-graben\/\">39.Mario Schlembach &#8220;Heute Graben&#8221;<\/a><\/p>\n\n\n\n<p><a href=\"https:\/\/literaturgefluester.wordpress.com\/2022\/04\/11\/nevermore\/\">40.Cecile Wajsbrot &#8220;Nevermore&#8221;<\/a><\/p>\n\n\n\n<p><a href=\"https:\/\/literaturgefluester.wordpress.com\/2022\/04\/17\/im-saal-von-alastalo\/\">41.Volter Kilpi &#8220;Im Saal von Alastalo&#8221;<\/a><\/p>\n\n\n\n<p><a href=\"https:\/\/literaturgefluester.wordpress.com\/2022\/04\/18\/fur-diesen-sommer\/\">42.Gisa Kl\u00f6nne &#8220;F\u00fcr diesen Sommer&#8221;<\/a><\/p>\n\n\n\n<p><a href=\"https:\/\/literaturgefluester.wordpress.com\/2022\/04\/21\/engel-des-todes\/\">43.Thomas Zibula &#8220;Engel des Todes&#8221;<\/a><\/p>\n\n\n\n<p><a href=\"https:\/\/literaturgefluester.wordpress.com\/2022\/04\/23\/new-york-und-der-rest-der-welt\/\">44.Fran Lebowitz &#8220;New York und der Rest der Welt&#8221;<\/a><\/p>\n\n\n\n<p><a href=\"https:\/\/literaturgefluester.wordpress.com\/2022\/05\/01\/die-wolfe-von-pripyat\/\">45.Cordula Simon &#8220;Die W\u00f6lfe von Pripyat&#8221;<\/a><\/p>\n\n\n\n<p><a href=\"https:\/\/literaturgefluester.wordpress.com\/2022\/05\/06\/thronfall\/\">46.Axel Simon &#8220;Thronfall&#8221;<\/a><\/p>\n\n\n\n<p><a href=\"https:\/\/literaturgefluester.wordpress.com\/2022\/05\/08\/atemhaut\/\">47.Iris Blauensteiner &#8220;Atemhaut&#8221;<\/a><\/p>\n\n\n\n<p><a href=\"https:\/\/literaturgefluester.wordpress.com\/2022\/05\/13\/kleingedrucktes\/\">48.Selina Seemann &#8220;#Kleingedrucktes&#8221;<\/a><\/p>\n\n\n\n<p><a href=\"https:\/\/literaturgefluester.wordpress.com\/2022\/05\/15\/es-war-schon-immer-ziemlich-kalt\/\">49.Ela Meyer &#8220;Es war schon immer ziemlich kalt&#8221;<\/a><\/p>\n\n\n\n<p><a href=\"https:\/\/literaturgefluester.wordpress.com\/2022\/05\/17\/longcovid\/\">50. J\u00f6rdis Frommhold &#8220;Long Covid&#8221;<\/a><\/p>\n\n\n\n<p><a href=\"https:\/\/literaturgefluester.wordpress.com\/2022\/05\/20\/schwerkraft-der-tranen\/\">51.Yara Nakahanda Monteiro &#8220;Schwerkraft der Tr\u00e4nen&#8221;<\/a><\/p>\n\n\n\n<p><a href=\"https:\/\/literaturgefluester.wordpress.com\/2022\/05\/22\/vielleicht-habe-ich-dich-nur-erfunden\/\">52. Tatjana Scheel &#8220;Vielleicht habe ich dich nur erfunden&#8221;<\/a><\/p>\n\n\n\n<p><a href=\"https:\/\/literaturgefluester.wordpress.com\/2022\/05\/27\/bon-jour-saint-ex\/\">53.J\u00f6rg H. Trauboth &#8220;Bonjour Saint-EX!&#8221;<\/a><\/p>\n\n\n\n<p><a href=\"https:\/\/literaturgefluester.wordpress.com\/2022\/05\/28\/tell\/\">54.Joachim B. Schmidt &#8220;Tell&#8221;<\/a><\/p>\n\n\n\n<p><a href=\"https:\/\/literaturgefluester.wordpress.com\/2022\/05\/29\/pandemia\/\">55.Rudi Anschober &#8220;Pandemia&#8221;<\/a><\/p>\n\n\n\n<p><a href=\"https:\/\/literaturgefluester.wordpress.com\/2022\/06\/05\/in-amerika-sagte-jonathan\/\">56.Goncalos M. Tavares &#8220;In Amerika, sagte Jonathan&#8221;<\/a><\/p>\n\n\n\n<p><a href=\"https:\/\/literaturgefluester.wordpress.com\/2022\/06\/06\/im-auge-der-pflanzen\/\">57.Tschaimilia Pereria  de Almeida &#8220;Im Auge der Pflanzen&#8221;<\/a><\/p>\n\n\n\n<p><a href=\"https:\/\/literaturgefluester.wordpress.com\/2022\/06\/10\/zeit-zuflucht\/\">58.Georgi Gospodinov &#8220;Zeit Zuflucht&#8221;<\/a><\/p>\n\n\n\n<p><a href=\"https:\/\/literaturgefluester.wordpress.com\/2022\/05\/30\/caffe-in-triest\/\">59.G\u00fcnther Neuwirth &#8220;Caffe in Triest&#8221;<\/a><\/p>\n\n\n\n<p><a href=\"https:\/\/literaturgefluester.wordpress.com\/2022\/06\/11\/der-mann-der-e-t-a-hoffmann-erfand\/\">60. Norbert Kron &#8220;Der Mann, der E.T.A Hoffmann erfand&#8221;<\/a><\/p>\n\n\n\n<p><a href=\"https:\/\/literaturgefluester.wordpress.com\/2022\/06\/15\/neuerliche-entdeckungsfreudige-erkundung-des-grimmschen-worterbuchs\/\">61. &#8220;Neuerliche entdeckungsfreudige Erkundung des Grimmschen W\u00f6rterbuchs&#8221;<\/a><\/p>\n\n\n\n<p><a href=\"https:\/\/literaturgefluester.wordpress.com\/2022\/06\/16\/von-asch-bis-zelem\/\">62.Gerald Grassl &#8220;Von Asch bis Zelem&#8221;<\/a><\/p>\n\n\n\n<p><a href=\"https:\/\/literaturgefluester.wordpress.com\/2022\/08\/27\/das-wasser-des-sees-ist-niemals-sus\/\">63. Giuila Caminito &#8220;Das Wasser des Sees ist niemals s\u00fc\u00df&#8221;<\/a><\/p>\n\n\n\n<p><a href=\"https:\/\/literaturgefluester.wordpress.com\/2022\/06\/17\/ich-bin-eine-frau-ohne-geschichte\/\">64.Alice Zeniter &#8220;Ich bin eine Frau ohne Geschichte&#8221;<\/a><\/p>\n\n\n\n<p><a href=\"https:\/\/literaturgefluester.wordpress.com\/2022\/07\/02\/die-jagd\/\">65.Sasha Filipenko &#8220;Die Jagd&#8221;<\/a><\/p>\n\n\n\n<p><a href=\"https:\/\/literaturgefluester.wordpress.com\/2022\/07\/19\/die-ewigkeit-ist-ein-guter-ort\/\">66.Tamar Noort &#8220;Die Ewigkeit ist ein guter Ort&#8221;<\/a><\/p>\n\n\n\n<p><a href=\"https:\/\/literaturgefluester.wordpress.com\/2022\/07\/01\/ein-sommer-in-niendorf\/\">67. Heinz Strunk &#8220;Ein Sommer in Niendorf&#8221;<\/a><\/p>\n\n\n\n<p><a href=\"https:\/\/literaturgefluester.wordpress.com\/2022\/06\/30\/die-eistaucher\/\">68.Kaska Bryla &#8220;Die Eistaucher&#8221;<\/a><\/p>\n\n\n\n<p><a href=\"https:\/\/literaturgefluester.wordpress.com\/2022\/07\/12\/amsel-strahnchen-und-der-killer\/\">69.Georg Bruckmann &#8220;Amsel&#8221;<\/a><\/p>\n\n\n\n<p><a href=\"https:\/\/literaturgefluester.wordpress.com\/2022\/07\/14\/die-arena\/\">70.Negar Djavadi &#8220;Die Arena&#8221;<\/a><\/p>\n\n\n\n<p><a href=\"https:\/\/literaturgefluester.wordpress.com\/2022\/07\/15\/stille-kometen\/\">71.Angelika Stallhofer &#8220;Stille Kometen&#8221;<\/a><\/p>\n\n\n\n<p><a href=\"https:\/\/literaturgefluester.wordpress.com\/2022\/08\/30\/hinterher\/\">72.Finn Job &#8220;Hinterher&#8221;<\/a><\/p>\n\n\n\n<p><a href=\"https:\/\/literaturgefluester.wordpress.com\/2022\/06\/22\/es-geschah-im-november\/\">73. Alena Mornstajnova &#8220;Es geschah im November&#8221;<\/a><\/p>\n\n\n\n<p><a href=\"https:\/\/literaturgefluester.wordpress.com\/2022\/07\/13\/tante-ernas-letzter-tanz\/\">74. Markus Ohrts &#8220;Tante Ernas letzter Tanz&#8221;<\/a><\/p>\n\n\n\n<p><a href=\"https:\/\/literaturgefluester.wordpress.com\/2022\/08\/01\/wann-das-mit-jeanne-begann\/\">75.Helmut Krausser &#8220;Was mit Jeanne begann&#8221;<\/a><\/p>\n\n\n\n<p><a href=\"https:\/\/literaturgefluester.wordpress.com\/2022\/07\/09\/selbstbestimmt-leben\/\">76.Franz-Joseph Huainigg &#8220;Selbstbestimmt leben&#8221;<\/a><\/p>\n\n\n\n<p><a href=\"https:\/\/literaturgefluester.wordpress.com\/2022\/07\/16\/wutende-barin\/\">77. Ingebjorg Berg Holm &#8220;W\u00fctende B\u00e4rin&#8221;<\/a><\/p>\n\n\n\n<p><a href=\"https:\/\/literaturgefluester.wordpress.com\/2022\/07\/30\/um-die-kornaten\/\">78.Bogumil Balkansky &#8220;Der d\u00fcmmste Krieg&#8221;<\/a><\/p>\n\n\n\n<p><a href=\"https:\/\/literaturgefluester.wordpress.com\/2022\/07\/27\/vater\/\">79.Miljenko Jergovic &#8220;Vater&#8221;<\/a><\/p>\n\n\n\n<p><a href=\"https:\/\/literaturgefluester.wordpress.com\/2022\/07\/25\/die-spieler\/\">80.Edo Popovic &#8220;Die Spieler&#8221;<\/a><\/p>\n\n\n\n<p><a href=\"https:\/\/literaturgefluester.wordpress.com\/2022\/07\/21\/ruth-tannenbaum\/\">81.Miljenko Jergovic &#8220;Ruth Tannenbaum&#8221;<\/a><\/p>\n\n\n\n<p><a href=\"https:\/\/literaturgefluester.wordpress.com\/2022\/07\/23\/titos-brille\/\">82.Adriana Altaras &#8220;Titos Brille&#8221;<\/a><\/p>\n\n\n\n<p><a href=\"https:\/\/literaturgefluester.wordpress.com\/2022\/08\/07\/verschworung\/\">83.Petros Markaris &#8220;Verschw\u00f6rung&#8221;<\/a><\/p>\n\n\n\n<p><a href=\"https:\/\/literaturgefluester.wordpress.com\/2022\/08\/21\/unter-strom\/\">84.Tom Kummer  &#8220;Unter Strom&#8221;<\/a><\/p>\n\n\n\n<p><a href=\"https:\/\/literaturgefluester.wordpress.com\/2022\/08\/17\/hotel-seattle\/\">85.Lilly King &#8220;Hotel Seattle&#8221;<\/a><\/p>\n\n\n\n<p><a href=\"https:\/\/literaturgefluester.wordpress.com\/2022\/08\/19\/die-welt\/\">86.Arno Camenisch &#8220;Die Welt&#8221;<\/a><\/p>\n\n\n\n<p><a href=\"https:\/\/literaturgefluester.wordpress.com\/2022\/08\/26\/dein-land-in-schutt-asche\/\">87. Georg Adamah  &#8220;Dein Land in Schutt &amp; Asche&#8221;<\/a><\/p>\n\n\n\n<p><a href=\"https:\/\/literaturgefluester.wordpress.com\/\">88. Celeste Ng &#8220;Unsere verschwundenen Herzen&#8221;<\/a><\/p>\n\n\n\n<p><a href=\"https:\/\/literaturgefluester.wordpress.com\/2022\/09\/28\/diese-eine-entscheidung\">89. Karine Tuil &#8220;Diese eine Entscheidung&#8221;<\/a><\/p>\n\n\n\n<p><a href=\"https:\/\/literaturgefluester.wordpress.com\/2022\/08\/31\/das-rosen-experiment\/\">90.Jan B\u00f6ttcher &#8220;Das Rosen-Experiment&#8221;<\/a><\/p>\n\n\n\n<p><a href=\"https:\/\/literaturgefluester.wordpress.com\/2022\/09\/02\/eine-liebe\/\">91.Sara Mese &#8220;Eine Liebe&#8221;<\/a><\/p>\n\n\n\n<p><a href=\"https:\/\/literaturgefluester.wordpress.com\/2022\/09\/03\/dschinns\/\">92. Fatma Aydemir &#8220;Dschinns&#8221;<\/a><\/p>\n\n\n\n<p><a href=\"https:\/\/literaturgefluester.wordpress.com\/2022\/09\/10\/ein-simpler-eingriff\/\">93.Yael  Inokai &#8220;Ein simpler Eingriff&#8221;<\/a><\/p>\n\n\n\n<p><a href=\"https:\/\/literaturgefluester.wordpress.com\/2022\/09\/11\/auf-see\/\">94.Theresia Enzensberger &#8220;Auf See&#8221;<\/a><\/p>\n\n\n\n<p><a href=\"https:\/\/literaturgefluester.wordpress.com\/2022\/09\/18\/dagegen-die-elefanten\/\">95.Dagmar Leupold &#8220;Dagegen die Elefanten&#8221;<\/a><\/p>\n\n\n\n<p><a href=\"https:\/\/literaturgefluester.wordpress.com\/2022\/09\/22\/in-dschungeln-in-wusten-im-krieg\/\">96. Gabriele Riedel &#8220;In Dschungeln. In W\u00fcsten. Im Krieg.&#8221;<\/a><\/p>\n\n\n\n<p><a href=\"https:\/\/literaturgefluester.wordpress.com\/2022\/09\/12\/schlangen-im-garten\/\">97.Stefanie vor Schulte &#8220;Schlangen im Garten&#8221;<\/a><\/p>\n\n\n\n<p><a href=\"https:\/\/literaturgefluester.wordpress.com\/2022\/09\/23\/virtuoso\/\">98.Yelena Moskovich &#8220;Virtuoso&#8221;<\/a><\/p>\n\n\n\n<p><a href=\"https:\/\/literaturgefluester.wordpress.com\/2022\/09\/25\/freudenberg\/\">99.Carl-Christian Elze &#8220;Freudenberg&#8221;<\/a><\/p>\n\n\n\n<p><a href=\"https:\/\/literaturgefluester.wordpress.com\/2022\/09\/29\/153-formen-des-nichtseins\/\">100.Slata Roschal &#8220;153 formen des nichtseins&#8221;<\/a><\/p>\n\n\n\n<p><a href=\"https:\/\/literaturgefluester.wordpress.com\/2022\/10\/01\/phlox\/\">101.Jochen Schmidt &#8220;Phlox&#8221;<\/a><\/p>\n\n\n\n<p><a href=\"https:\/\/literaturgefluester.wordpress.com\/2022\/10\/02\/rombo\/\">102.Esther Kinsky &#8220;Rombo&#8221;<\/a><\/p>\n\n\n\n<p><a href=\"https:\/\/literaturgefluester.wordpress.com\/2022\/10\/14\/geschichte-eines-kindes\/\">103.Anna Kim &#8220;Geschichte eines Kindes&#8221;<\/a><\/p>\n\n\n\n<p><a href=\"https:\/\/literaturgefluester.wordpress.com\/2022\/10\/19\/lugen-uber-meine-mutter\/\">104.Daniela Dr\u00f6scher &#8220;L\u00fcgen \u00fcber meine Mutter&#8221;<\/a><\/p>\n\n\n\n<p><a href=\"https:\/\/literaturgefluester.wordpress.com\/2022\/10\/22\/wilderer\/\">105.Reinhard Kaiser-M\u00fchlecker &#8220;Wilderer&#8221;<\/a><\/p>\n\n\n\n<p><a href=\"https:\/\/literaturgefluester.wordpress.com\/2022\/10\/26\/kangal\/\">106.Anna Yelleiz Schentke &#8220;Kangal&#8221;<\/a><\/p>\n\n\n\n<p><a href=\"https:\/\/literaturgefluester.wordpress.com\/2022\/10\/31\/blutbuch\/\">107. Kim de L`Horizon &#8220;Blutbuch&#8221;<\/a><\/p>\n\n\n\n<p><a href=\"https:\/\/literaturgefluester.wordpress.com\/\">108. Bettina Scheiflinger &#8220;Erbgut&#8221;<\/a><\/p>\n\n\n\n<p><a href=\"https:\/\/literaturgefluester.wordpress.com\/2022\/11\/05\/lento-violento\/\">109.Maria Muhar &#8220;Lento Violento&#8221;<\/a><\/p>\n\n\n\n<p><a href=\"https:\/\/literaturgefluester.wordpress.com\/2022\/11\/06\/die-kuratorin\/\">110.Norbert Maria Kr\u00f6ll &#8220;Die Kuratorin&#8221;<\/a><\/p>\n\n\n\n<p><a href=\"https:\/\/literaturgefluester.wordpress.com\/2022\/11\/08\/trottel\/\">111. Jan Faktor &#8220;Trottel&#8221;<\/a><\/p>\n\n\n\n<p><a href=\"https:\/\/literaturgefluester.wordpress.com\/2022\/11\/12\/eine-liebe-in-pjongjang\/\">112. Andreas Stichmann &#8220;Eine Liebe in Pj\u00f6ngjan&#8221;<\/a><\/p>\n\n\n\n<p><a href=\"https:\/\/literaturgefluester.wordpress.com\/2022\/11\/13\/aufruhr-der-meerestiere\/\">113.Marie Gamillscheg &#8220;Aufruhr der Meerestiere&#8221;<\/a><\/p>\n\n\n\n<p><a href=\"https:\/\/literaturgefluester.wordpress.com\/2022\/11\/17\/nebenan\/\">114. Kristine Bilkau &#8220;Nebenan&#8221;<\/a><\/p>\n\n\n\n<p><a href=\"https:\/\/literaturgefluester.wordpress.com\/2022\/11\/19\/hohe-berge\/\">115.Silke Stamm &#8220;Hohe Berge&#8221;<\/a><\/p>\n\n\n\n<p><a href=\"https:\/\/literaturgefluester.wordpress.com\/2022\/11\/20\/fretten\/\">116.Helena Adler &#8220;Fretten&#8221;<\/a><\/p>\n\n\n\n<p><a href=\"https:\/\/literaturgefluester.wordpress.com\/2022\/11\/23\/maremma\/\">117.Anna Maria Stadler &#8220;Maremma&#8221;<\/a><\/p>\n\n\n\n<p><a href=\"https:\/\/literaturgefluester.wordpress.com\/2022\/11\/24\/die-dringlichkeit-der-dinge\/\">118. Markus Grundtner &#8220;Die Dringlichkeit der Dinge&#8221;<\/a><\/p>\n\n\n\n<p><a href=\"https:\/\/literaturgefluester.wordpress.com\/2022\/11\/25\/die-erweiterung\/\">119. Robert Menasse &#8220;Die Erweiterung&#8221;<\/a><\/p>\n\n\n\n<p><a href=\"https:\/\/literaturgefluester.wordpress.com\/2022\/12\/01\/luftposter\/\">120.Lena-Marie Biertimpel &#8220;Luftpolster&#8221;<\/a><\/p>\n\n\n\n<p><a href=\"https:\/\/literaturgefluester.wordpress.com\/2022\/11\/26\/madchen\/\">121.Teresa Pr\u00e4auer &#8220;M\u00e4dchen&#8221;<\/a><\/p>\n\n\n\n<p><a href=\"https:\/\/literaturgefluester.wordpress.com\/2022\/12\/04\/quecksilberlicht\/\">122.Thomas Stangl &#8220;Quecksilberlicht&#8221;<\/a><\/p>\n\n\n\n<p><a href=\"https:\/\/literaturgefluester.wordpress.com\/2022\/12\/10\/mon-cheri-und-unsere-demolierten-seelen\/\">123.Verena Ro\u00dfbacher &#8220;Mon Cheri und unsere demolierten Seelen&#8221;<\/a><\/p>\n\n\n\n<p><a href=\"https:\/\/literaturgefluester.wordpress.com\/2022\/12\/17\/ich-fohne-mir-meine-wimpern\/\">124.Sirka Elspa\u00df &#8220;ich f\u00f6hne meine wimpern&#8221;<\/a><\/p>\n\n\n\n<p><a href=\"https:\/\/literaturgefluester.wordpress.com\/2022\/12\/13\/spitzweg\/\">125.Eckhart Nickel &#8220;Spitzweg&#8221;<\/a><\/p>\n\n\n\n<p><a href=\"https:\/\/literaturgefluester.wordpress.com\/2022\/12\/18\/was-uber-frauen-geredet-wird\/\">126. Mieze Medusa &#8220;Was \u00fcber Frauen geredet wird&#8221;<\/a><\/p>\n\n\n\n<p><a href=\"https:\/\/literaturgefluester.wordpress.com\/2022\/12\/22\/verdammt-heis\/\">127. &#8220;Verdammt heiss &#8211; Cartoons for future&#8221;<\/a><\/p>\n\n\n\n<p><a href=\"https:\/\/literaturgefluester.wordpress.com\/2022\/12\/21\/bettgeschichten-und-andere\/\">129.Monika Helfer &#8220;Bettgeschichten und andere&#8221;<\/a><\/p>\n\n\n\n<p><a href=\"https:\/\/literaturgefluester.wordpress.com\/2022\/12\/23\/gin-zu-ende-achtzehn-uhr\/\">130.Alexander Peer &#8220;Gin zu Ende, achtzehn Uhr&#8221;<\/a><\/p>\n\n\n\n<p><a href=\"https:\/\/literaturgefluester.wordpress.com\/2022\/12\/26\/pommfritz-aus-der-holle\/\">131.Lioba Happel &#8220;Pommfritz in der H\u00f6lle&#8221;<\/a><\/p>\n\n\n\n<p><a href=\"https:\/\/literaturgefluester.wordpress.com\/2022\/12\/27\/um-mich-herum-geschichten\/\">132.Luna Al-Mousli &#8220;Um mich herum Geschichten&#8221;<\/a><\/p>\n\n\n\n<p><a href=\"https:\/\/literaturgefluester.wordpress.com\/2022\/12\/28\/am-osloer-fjord-oder-der-fremde\/\">133.Hartmut Lange &#8220;Am Osloer Fjord oder der Fremde&#8221;<\/a><\/p>\n\n\n\n<p><a href=\"https:\/\/literaturgefluester.wordpress.com\/2022\/12\/30\/das-gesetz-der-natur\/\">134.Solomonica de Winter &#8220;Das Gesetz der Natur&#8221;<\/a><\/p>\n\n\n\n<p><\/p>\n\n\n\n<p><\/p>\n\n\n\n<p><\/p>\n","protected":false},"excerpt":{"rendered":"<p>1.Edo Popovic \u201eDer Aufstand der Ungenie\u00dfbaren\u201c 2. Terezia Mora \u201eDer einzige Mann auf dem Kontinent\u201c 3.Gy\u00f6rgy Dragoman \u201eDer Scheiterhaufen\u201c 4. \u201eDer kleine Adventsbegleiter\u201c 5.Elke Heidenreich &#8220;Hier geht`s lang&#8221; 6.Dantiel M. Monitz &#8220;Milch Blut Hitze&#8221; 7. Catalin Dorian Florescu &#8220;Feuerturm&#8221; 8.Sharon &hellip; <a href=\"https:\/\/literaturgefluester.akis.site\/?page_id=94145\">Continue reading <span class=\"meta-nav\">&rarr;<\/span><\/a><\/p>\n","protected":false},"author":1,"featured_media":0,"parent":0,"menu_order":22,"comment_status":"closed","ping_status":"closed","template":"","meta":{"footnotes":""},"class_list":["post-94145","page","type-page","status-publish","hentry"],"_links":{"self":[{"href":"https:\/\/literaturgefluester.akis.site\/index.php?rest_route=\/wp\/v2\/pages\/94145","targetHints":{"allow":["GET"]}}],"collection":[{"href":"https:\/\/literaturgefluester.akis.site\/index.php?rest_route=\/wp\/v2\/pages"}],"about":[{"href":"https:\/\/literaturgefluester.akis.site\/index.php?rest_route=\/wp\/v2\/types\/page"}],"author":[{"embeddable":true,"href":"https:\/\/literaturgefluester.akis.site\/index.php?rest_route=\/wp\/v2\/users\/1"}],"replies":[{"embeddable":true,"href":"https:\/\/literaturgefluester.akis.site\/index.php?rest_route=%2Fwp%2Fv2%2Fcomments&post=94145"}],"version-history":[{"count":0,"href":"https:\/\/literaturgefluester.akis.site\/index.php?rest_route=\/wp\/v2\/pages\/94145\/revisions"}],"wp:attachment":[{"href":"https:\/\/literaturgefluester.akis.site\/index.php?rest_route=%2Fwp%2Fv2%2Fmedia&parent=94145"}],"curies":[{"name":"wp","href":"https:\/\/api.w.org\/{rel}","templated":true}]}}