{"id":81122,"date":"2020-02-14T12:59:50","date_gmt":"2020-02-14T11:59:50","guid":{"rendered":"https:\/\/literaturgefluester.wordpress.com\/?page_id=81122"},"modified":"2020-02-14T12:59:50","modified_gmt":"2020-02-14T11:59:50","slug":"preis-der-leipziger-buchmesse","status":"publish","type":"page","link":"https:\/\/literaturgefluester.akis.site\/?page_id=81122","title":{"rendered":"Preis der Leipziger Buchmesse"},"content":{"rendered":"<p>2005<\/p>\n<p>Belletristik<\/p>\n<ol>\n<li>Uwe Tellkamp &#8220;Der Eisvogel&#8221;<\/li>\n<li>Eva Menasse &#8220;Vienna&#8221;<\/li>\n<\/ol>\n<p>2006<\/p>\n<p>Belletristik<\/p>\n<ol>\n<li><a href=\"https:\/\/literaturgefluester.wordpress.com\/2009\/12\/27\/der-weltensammler\/\">Ilija Trojanow &#8220;Der Weltensammler&#8221;<\/a><\/li>\n<li>Thomas Lang &#8220;Am Seil&#8221;<\/li>\n<\/ol>\n<p>Sachbuch<\/p>\n<ol>\n<li>Franz Schuh &#8220;Schwere Vorw\u00fcrfe schmutzige W\u00e4sche<\/li>\n<\/ol>\n<p>2007<\/p>\n<p>Belletristik<\/p>\n<ol>\n<li><a href=\"https:\/\/literaturgefluester.wordpress.com\/2011\/04\/14\/mittelmasiges-heimweh\/\">Wilhelm Genazino &#8220;Mittelm\u00e4\u00dfiges Heimweh&#8221;<\/a><\/li>\n<li>Ingo Schulze &#8220;Handy&#8221;<\/li>\n<li>Antje Ravic Stubel &#8220;K\u00e4ltere Schichten der Luft&#8221;<\/li>\n<\/ol>\n<p>Sachbuch<\/p>\n<p>2. Josef Haslinger &#8220;Phi Phi Island&#8221;<\/p>\n<p>2008<\/p>\n<p>Belletristik<\/p>\n<ol>\n<li><a href=\"https:\/\/literaturgefluester.wordpress.com\/2011\/10\/16\/die-nacht-der-lichter\/\">Clemens Meyer &#8220;Die Nacht, die Lichter&#8221;<\/a><\/li>\n<li>Jenny Erpenbeck &#8220;Heimsuchung&#8221;<\/li>\n<li>Feridun Zaimoglu &#8220;Liebesbrand&#8221;<\/li>\n<\/ol>\n<p>2009<\/p>\n<p>Belletristik<\/p>\n<ol>\n<li><a href=\"https:\/\/literaturgefluester.wordpress.com\/2010\/12\/30\/ruhm\/\">Daniel Kehlmann &#8220;Ruhm&#8221;<\/a><\/li>\n<\/ol>\n<p>Sachbuch<\/p>\n<p><a href=\"https:\/\/literaturgefluester.wordpress.com\/2015\/01\/04\/der-letzte-kommunist\/\">1.Matthias Frings &#8220;Der letzte Kommunist&#8221;<\/a><\/p>\n<p>2010<\/p>\n<p>Belletristik<\/p>\n<ol>\n<li><a href=\"https:\/\/literaturgefluester.wordpress.com\/2013\/08\/08\/axolotl-roadkill\/\">Helene Hegemann &#8220;Axolotl Roadkill&#8221;<\/a><\/li>\n<li><a href=\"https:\/\/literaturgefluester.wordpress.com\/2015\/05\/15\/luft-und-liebe\/\">Anne Weber &#8220;Luft und Liebe&#8221;<\/a><\/li>\n<\/ol>\n<p>2011<\/p>\n<p>Belletristik<\/p>\n<p>1.Arno Geiger &#8220;Der alte K\u00f6nig in seinem Exil&#8221;<\/p>\n<p><a href=\"https:\/\/literaturgefluester.wordpress.com\/2017\/06\/15\/tschik\/\">2.Wolfgang Herrndorf &#8220;Tschick&#8221;<\/a><\/p>\n<p><a href=\"https:\/\/literaturgefluester.wordpress.com\/2013\/12\/26\/die-liebe-zur-zeit-des-mahlstadter-kindes\/\">3. Clemens J. Setz &#8220;Die Liebe zur Zeit des Mahlst\u00e4tter Kindes&#8221;<\/a><\/p>\n<p>4.Peter Stamm &#8220;Seer\u00fccken&#8221;<\/p>\n<p>2012<\/p>\n<p>Belletristik<\/p>\n<p>1.Thomas Steinaecker &#8220;Das Jahr in dem ich aufh\u00f6rte mir Sorgen zu machen und anfing zu tr\u00e4umen<\/p>\n<p>2.Anna Katharina Berg &#8220;Am schwarzen Berg&#8221;<\/p>\n<p>2013<\/p>\n<p>Belletristik<\/p>\n<p><a href=\"https:\/\/literaturgefluester.wordpress.com\/2012\/10\/13\/der-winter-tut-den-fischen-gut\/\">1. Anna Weidenholzer &#8220;Der Winter tut den Fischen gut&#8221;<\/a><\/p>\n<p>Sachbuch<\/p>\n<ol>\n<li><a href=\"https:\/\/literaturgefluester.wordpress.com\/2014\/11\/14\/die-gruppe-47\/\">Helmut B\u00f6ttiger &#8220;Die Gruppe 47&#8221;<\/a><\/li>\n<\/ol>\n<p>2014<\/p>\n<p>Belletristik<\/p>\n<ol>\n<li><a href=\"https:\/\/literaturgefluester.wordpress.com\/2015\/07\/19\/vielleicht-esther\/\">Katja Petrowskaya &#8220;Vielleicht Esther&#8221;<\/a><\/li>\n<li>Sasa Stanisic &#8220;Vor dem Fest&#8221;<\/li>\n<\/ol>\n<p>Sachbuch<\/p>\n<p>1. Roger Willemsen\u00a0 &#8220;Das hohe Haus&#8221;<\/p>\n<p>\u00dcbersetzung<\/p>\n<ol>\n<li>\u00a0Haruki Murakami &#8220;Die Pilgerjahre des farblosen Herrn Tazaki&#8221;<\/li>\n<\/ol>\n<p>2015<\/p>\n<p>Sachbuch<\/p>\n<p>1.Rainer Stach &#8220;Kafka. Die fr\u00fchen Jahre&#8221;<\/p>\n<p>\u00dcbersetzung<\/p>\n<p>1.Amos Oz &#8220;Judas&#8221;<\/p>\n<p>2018<\/p>\n<p>Belletristik<\/p>\n<ol>\n<li><a href=\"https:\/\/literaturgefluester.wordpress.com\/2018\/11\/20\/wie-hoch-die-wasser-steigen\/\">Anja Kampmann &#8220;Wie hoch die Wasser steigen&#8221;<\/a><\/li>\n<\/ol>\n<p>\u00dcbersetzung<\/p>\n<p><a href=\"https:\/\/literaturgefluester.wordpress.com\/2018\/01\/27\/buch-der-zahlen\/\">1.Jonathan Cohen &#8220;Das Buch der Zahlen&#8221;<\/a><\/p>\n<p>2.Serhij\u00a0 Zhadan &#8220;Internat&#8221;<\/p>\n<p>2019<\/p>\n<p>Belletristik<\/p>\n<p><a href=\"https:\/\/literaturgefluester.wordpress.com\/2019\/02\/16\/der-traurige-gast\/\">1.Matthias Nawrat &#8220;Der traurige Gast&#8221;<\/a><\/p>\n<p><a href=\"https:\/\/literaturgefluester.wordpress.com\/2020\/02\/06\/winterbergs-letzte-reise\/\">2.Jaroslav Rudis &#8220;Winterbergs letzte Reise&#8221;<\/a><\/p>\n<p>2020<\/p>\n<p>Belletristik<\/p>\n<ol>\n<li><a href=\"https:\/\/literaturgefluester.wordpress.com\/?p=81239\">Maren Kames &#8220;luna luna&#8221;<\/a><\/li>\n<li><a href=\"https:\/\/literaturgefluester.wordpress.com\/?p=82524\">Ingo Schulze &#8220;Die rechtschaffenen M\u00f6rder&#8221;<\/a><\/li>\n<li><a href=\"https:\/\/literaturgefluester.wordpress.com\/?p=83308\">Leif Randt &#8220;Allegro Pastell&#8221;<\/a><\/li>\n<li><a href=\"https:\/\/literaturgefluester.wordpress.com\/?p=84010\">Lutz Seiler &#8220;Stern 111&#8221;<\/a><\/li>\n<\/ol>\n<p>\u00dcbersetzungen<\/p>\n<ol>\n<li><a href=\"https:\/\/literaturgefluester.wordpress.com\/?p=81564\">George Eliot &#8220;Midlemarch&#8221;<\/a><\/li>\n<li><a href=\"https:\/\/literaturgefluester.wordpress.com\/?p=81980\">Charles Baudelaire &#8220;Der Spleen von Paris&#8221;<\/a><\/li>\n<li><a href=\"https:\/\/literaturgefluester.wordpress.com\/?p=82226\">Fran Ross &#8220;Oreo&#8221;<\/a><\/li>\n<li><a href=\"https:\/\/literaturgefluester.wordpress.com\/?p=82398\">Clarice Lispector &#8220;Tagtraum und Trunkenheit einer jungen Frau&#8221;<\/a><\/li>\n<\/ol>\n<p>Sachbuch<\/p>\n<ol>\n<li><a href=\"https:\/\/literaturgefluester.wordpress.com\/?p=81810&amp;preview=true\">Michael Martens &#8220;Im Brand der Welten. Ivo Andric. Ein europ\u00e4isches Leben&#8221;<\/a><\/li>\n<\/ol>\n\n\n<p>2021<\/p>\n\n\n\n<p>Belletristik<\/p>\n\n\n\n<p>1<a href=\"https:\/\/literaturgefluester.wordpress.com\/?p=100727\">. Iris Hanika &#8220;Echos Kammern&#8221;<\/a><\/p>\n\n\n\n<p><a href=\"https:\/\/literaturgefluester.wordpress.com\/?p=101008\">2.Judith Hermann &#8220;Daheim&#8221;<\/a><\/p>\n\n\n\n<p><a href=\"https:\/\/literaturgefluester.wordpress.com\/?p=101124\">3. Helga Schubert &#8220;Vom Aufstehen&#8221;<\/a><\/p>\n\n\n\n<p>4.<a href=\"https:\/\/literaturgefluester.wordpress.com\/?p=101220\"> Christian Kracht &#8220;Eurotrash&#8221;<\/a><\/p>\n\n\n\n<p><\/p>\n\n\n\n<p>\u00dcbersetzung<\/p>\n\n\n\n<p><a href=\"https:\/\/literaturgefluester.wordpress.com\/2021\/06\/03\/der-42-breitegrad\/\">1. John Dos Passos<\/a> <a href=\"https:\/\/literaturgefluester.wordpress.com\/?p=102045\">&#8220;USA<\/a>&#8211;<a href=\"https:\/\/literaturgefluester.wordpress.com\/?p=102339\">Trilogie&#8221;<\/a><\/p>\n\n\n\n<p><a href=\"https:\/\/literaturgefluester.wordpress.com\/?p=100853\">2. Tarjei Vesaas &#8220;Die V\u00f6gel&#8221;<\/a><\/p>\n\n\n\n<p><a href=\"https:\/\/literaturgefluester.wordpress.com\/?p=101028\">3.  Miklos Szentkuthy &#8220;Apropos Casanova&#8221;<\/a><\/p>\n\n\n\n<p><\/p>\n\n\n\n<p>2022<\/p>\n\n\n\n<p>Belletristik<\/p>\n\n\n\n<ol class=\"wp-block-list\"><li><a href=\"https:\/\/literaturgefluester.wordpress.com\/2021\/10\/05\/gentzen-oder-betrunken-aufraumen\/\">Diethmar Darth &#8220;Gentzen oder betrunken aufr\u00e4umen&#8221;<\/a><\/li><li><a href=\"https:\/\/literaturgefluester.wordpress.com\/2022\/04\/06\/eine-runde-sache\/\">Tomer Gardi &#8220;Eine runde Sache&#8221;<\/a><\/li><\/ol>\n\n\n\n<p>Sachbuch<\/p>\n\n\n\n<ol class=\"wp-block-list\"><li><a href=\"https:\/\/literaturgefluester.wordpress.com\/2022\/04\/09\/etymologischer-gossip\/\">Uljana Wolf &#8220;Etymologischer Gossip&#8221;<\/a><\/li><li><a href=\"https:\/\/literaturgefluester.wordpress.com\/2022\/04\/10\/alles-was-wir-nicht-erinnern\/\">Christiane Hoffmannn &#8220;Alles was wir nicht erinnern&#8221;<\/a><\/li><\/ol>\n\n\n\n<p>\u00dcbersetzung<\/p>\n\n\n\n<p><a href=\"https:\/\/literaturgefluester.wordpress.com\/2022\/04\/11\/nevermore\/\">1.Cecile Wajsbrot &#8220;Nevermore&#8221;<\/a><\/p>\n\n\n\n<p><a href=\"https:\/\/literaturgefluester.wordpress.com\/2022\/04\/17\/im-saal-von-alastalo\/\">2.Volter Kilpi &#8220;Im Saal von Alastalo&#8221;<\/a><\/p>\n\n\n\n<p><\/p>\n\n\n\n<p><\/p>\n\n\n\n<p><\/p>\n\n\n\n<p><\/p>\n\n\n\n<p><\/p>\n\n\n\n<p><\/p>\n\n\n\n<p><\/p>\n\n\n\n<p><\/p>\n\n\n\n<p><\/p>\n\n\n\n<p><\/p>\n\n\n\n<p><\/p>\n\n\n\n<p><\/p>\n\n\n\n<p><\/p>\n\n\n\n<p><\/p>\n\n\n\n<p><\/p>\n\n\n\n<p><\/p>\n\n\n\n<p><\/p>\n\n\n\n<p><\/p>\n\n\n\n<p><\/p>\n\n\n\n<p><\/p>\n\n\n\n<p><\/p>\n\n\n\n<p><\/p>\n\n\n\n<p><\/p>\n\n\n\n<p><\/p>\n\n\n\n<p><\/p>\n\n\n\n<p><\/p>\n\n\n\n<p><\/p>\n\n\n\n<p><\/p>\n\n\n\n<p><\/p>\n\n\n\n<p><\/p>\n\n\n\n<p><\/p>\n\n\n\n<p><\/p>\n\n\n\n<p><\/p>\n\n\n\n<p><\/p>\n\n\n\n<p><\/p>\n\n\n\n<p><\/p>\n\n\n\n<p><\/p>\n\n\n\n<p><\/p>\n\n\n\n<p><\/p>\n\n\n\n<p><\/p>\n\n\n\n<p><\/p>\n\n\n\n<p><\/p>\n\n\n\n<p><\/p>\n\n\n\n<p><\/p>\n\n\n\n<p><\/p>\n\n\n\n<p><\/p>\n\n\n\n<p><\/p>\n\n\n\n<p><\/p>\n\n\n\n<p><\/p>\n\n\n\n<p><\/p>\n\n\n\n<p><\/p>\n","protected":false},"excerpt":{"rendered":"<p>2005 Belletristik Uwe Tellkamp &#8220;Der Eisvogel&#8221; Eva Menasse &#8220;Vienna&#8221; 2006 Belletristik Ilija Trojanow &#8220;Der Weltensammler&#8221; Thomas Lang &#8220;Am Seil&#8221; Sachbuch Franz Schuh &#8220;Schwere Vorw\u00fcrfe schmutzige W\u00e4sche 2007 Belletristik Wilhelm Genazino &#8220;Mittelm\u00e4\u00dfiges Heimweh&#8221; Ingo Schulze &#8220;Handy&#8221; Antje Ravic Stubel &#8220;K\u00e4ltere Schichten &hellip; <a href=\"https:\/\/literaturgefluester.akis.site\/?page_id=81122\">Continue reading <span class=\"meta-nav\">&rarr;<\/span><\/a><\/p>\n","protected":false},"author":1,"featured_media":0,"parent":0,"menu_order":14,"comment_status":"closed","ping_status":"closed","template":"","meta":{"footnotes":""},"class_list":["post-81122","page","type-page","status-publish","hentry"],"_links":{"self":[{"href":"https:\/\/literaturgefluester.akis.site\/index.php?rest_route=\/wp\/v2\/pages\/81122","targetHints":{"allow":["GET"]}}],"collection":[{"href":"https:\/\/literaturgefluester.akis.site\/index.php?rest_route=\/wp\/v2\/pages"}],"about":[{"href":"https:\/\/literaturgefluester.akis.site\/index.php?rest_route=\/wp\/v2\/types\/page"}],"author":[{"embeddable":true,"href":"https:\/\/literaturgefluester.akis.site\/index.php?rest_route=\/wp\/v2\/users\/1"}],"replies":[{"embeddable":true,"href":"https:\/\/literaturgefluester.akis.site\/index.php?rest_route=%2Fwp%2Fv2%2Fcomments&post=81122"}],"version-history":[{"count":0,"href":"https:\/\/literaturgefluester.akis.site\/index.php?rest_route=\/wp\/v2\/pages\/81122\/revisions"}],"wp:attachment":[{"href":"https:\/\/literaturgefluester.akis.site\/index.php?rest_route=%2Fwp%2Fv2%2Fmedia&parent=81122"}],"curies":[{"name":"wp","href":"https:\/\/api.w.org\/{rel}","templated":true}]}}