{"id":79169,"date":"2019-12-26T12:06:56","date_gmt":"2019-12-26T11:06:56","guid":{"rendered":"https:\/\/literaturgefluester.wordpress.com\/?page_id=79169"},"modified":"2019-12-26T12:06:56","modified_gmt":"2019-12-26T11:06:56","slug":"bloggerdebutshortlist","status":"publish","type":"page","link":"https:\/\/literaturgefluester.akis.site\/?page_id=79169","title":{"rendered":"Bloggerdeb\u00fctpreis"},"content":{"rendered":"<p>2016<\/p>\n<ol>\n<li><a href=\"https:\/\/literaturgefluester.wordpress.com\/2016\/11\/05\/blauschmuck\/\">Katharina Winkler &#8220;Blauschmuck&#8221;<\/a><\/li>\n<li><a href=\"https:\/\/literaturgefluester.wordpress.com\/2016\/11\/26\/nachts-ist-es-leise-in-teheran\/\">Shida Bazyar &#8220;Nachts ist es leise in Teheran&#8221;<\/a><\/li>\n<li><a href=\"https:\/\/literaturgefluester.wordpress.com\/2016\/11\/18\/ymir\/\">Philip Kr\u00f6mer &#8220;Ymir- oder: Aus der Hirnschale im Himmel&#8221;<\/a><\/li>\n<li><a href=\"https:\/\/literaturgefluester.wordpress.com\/2016\/11\/17\/weissblende\/\">Sonja Harter &#8220;Wei\u00dfblende&#8221;<\/a><\/li>\n<li><a href=\"https:\/\/literaturgefluester.wordpress.com\/2016\/11\/24\/weisses-rauschen-oder-die-sieben-tage-von-bardorf\/\">Uli Wittstock &#8220;Wei\u00dfes Rauschen oder Die sieben Tage von Bardorf&#8221;<\/a><\/li>\n<li><a href=\"https:\/\/literaturgefluester.wordpress.com\/?s=lucy+fliegt\">Petra Piuk &#8220;Lucy fliegt&#8221;<\/a><\/li>\n<li><a href=\"https:\/\/literaturgefluester.wordpress.com\/2016\/11\/04\/traurige-freiheit\/\">Friederike G\u00f6sweiner &#8220;Traurige Freiheit&#8221;<\/a><\/li>\n<li><a href=\"https:\/\/literaturgefluester.wordpress.com\/2017\/05\/12\/verwuestung-der-zellen\/\">Markus Mitmannsgruber &#8220;Verw\u00fcstung der Zellen&#8221;<\/a><\/li>\n<li><a href=\"https:\/\/literaturgefluester.wordpress.com\/2016\/09\/24\/lied-ueber-die-ggeignete-stelle-fuer-eine-notunterkunft\/\">Simone Hirth &#8220;Lied \u00fcber die geeignete Stelle f\u00fcr eine Notunterkunft&#8221;<\/a><\/li>\n<li><a href=\"https:\/\/literaturgefluester.wordpress.com\/2016\/09\/25\/kopfzecke\/\">Iris Blausteiner &#8220;Kopfzecke&#8221;<\/a><\/li>\n<li><a href=\"https:\/\/literaturgefluester.wordpress.com\/2016\/12\/03\/wir-ohne-wal\/\">Birgit Birnbacher &#8220;Wir ohne Wal&#8221;<\/a><\/li>\n<li>Emanuel Bergmann &#8220;Der Trick&#8221;<\/li>\n<li><a href=\"https:\/\/literaturgefluester.wordpress.com\/2017\/05\/10\/binde-zwei-voegel-zusammen\/\">Isabelle Lehn &#8220;Binde zwei V\u00f6gel zusammen&#8221;<\/a><\/li>\n<li><a href=\"https:\/\/literaturgefluester.wordpress.com\/2016\/12\/02\/familie-der-gefluegelten-tiger\/\">Petra F\u00fcrstenberg &#8220;Familie der gefl\u00fcgelten Tiger&#8221;<\/a><\/li>\n<li><a href=\"https:\/\/literaturgefluester.wordpress.com\/2016\/12\/04\/das-unglueck-anderer-leute\/\">Nele Pollatschek &#8220;Das Ungl\u00fcck anderer Leute&#8221;<\/a><\/li>\n<li><a href=\"https:\/\/literaturgefluester.wordpress.com\/2018\/04\/22\/die-kinetik-der-luegen\/\">Olaf Trunschke &#8220;Die Kinetik der L\u00fcgen&#8221;<\/a><\/li>\n<\/ol>\n<p>2017<\/p>\n<p><a href=\"https:\/\/literaturgefluester.wordpress.com\/2017\/11\/24\/immer-ist-alles-schoen\/\">1.Julia Weber &#8220;Immer ist alles sch\u00f6n&#8221;<\/a><\/p>\n<p><a href=\"https:\/\/literaturgefluester.wordpress.com\/2017\/02\/18\/eine-kurze-chronik-des-allmaehlichenverschwindens\/\">2.Juliana Kalnay &#8220;Eine kurze Chronik des allm\u00e4hlichen Verschwindens&#8221;<\/a><\/p>\n<p><a href=\"https:\/\/literaturgefluester.wordpress.com\/2017\/11\/30\/das-genie\/\">3.Klaus C\u00e4sar Zehrer &#8220;Das Genie&#8221;<\/a><\/p>\n<p><a href=\"https:\/\/literaturgefluester.wordpress.com\/2017\/12\/08\/oder-florida\/\">4. Christian Bangel &#8220;Oder Florida&#8221;<\/a><\/p>\n<p><a href=\"https:\/\/literaturgefluester.wordpress.com\/2017\/12\/07\/still-halten\/\">5.Jovana Reisinger &#8220;Still halten&#8221;<\/a><\/p>\n<p><a href=\"https:\/\/literaturgefluester.wordpress.com\/2020\/02\/17\/chaya\/\">6.Kathy Zarnegin &#8220;Chaya&#8221;<\/a><\/p>\n<p>7.Jens Eisel &#8220;Bevor es hell wird&#8221;<\/p>\n<p>8.Stephan Lohse &#8220;Ein fauler Gott&#8221;<\/p>\n<p>9.Jakob Prettenhofer &#8220;Tagwache&#8221;<\/p>\n<p><a href=\"https:\/\/literaturgefluester.wordpress.com\/2017\/02\/20\/tierchen-unlimites\/\">10.Tiljan Sila &#8220;Tierchen Unlimited&#8221;<\/a><\/p>\n<p><a href=\"https:\/\/literaturgefluester.wordpress.com\/2017\/08\/26\/kraft\/\">11.Jonas L\u00fcscher &#8220;Kraft&#8221;<\/a><\/p>\n<p><a href=\"https:\/\/literaturgefluester.wordpress.com\/2017\/10\/27\/reibungsverluste\/\">12.Mascha Dabic &#8220;Reibungsverluste&#8221;<\/a><\/p>\n<p><a href=\"https:\/\/literaturgefluester.wordpress.com\/2017\/09\/21\/ausser-sich\/\">13.Sasha Mariana Salzmann &#8220;Au\u00dfer sich&#8221;<\/a><\/p>\n<p><a href=\"https:\/\/literaturgefluester.wordpress.com\/2017\/10\/26\/liebwies\/\">14.Irene Diwiak &#8220;Liebwies&#8221;<\/a><\/p>\n<p><a href=\"https:\/\/literaturgefluester.wordpress.com\/2017\/08\/04\/sieben-naechte\/\">15.Simon Strau\u00df &#8220;Sieben N\u00e4chte&#8221;<\/a><\/p>\n<p><a href=\"https:\/\/literaturgefluester.wordpress.com\/2017\/12\/22\/koslik-ist-krank\/\">16.Julia Rothenberg &#8220;Koslik ist krank&#8221;<\/a><\/p>\n<p><a href=\"https:\/\/literaturgefluester.wordpress.com\/2019\/03\/22\/als-ich-mit-hitler-schnapskirschen-ass\/\">17.Manja Pr\u00e4kels &#8220;Als ich mit Hitler Schnapskirschen a\u00df&#8221;<\/a><\/p>\n<p><a href=\"https:\/\/literaturgefluester.wordpress.com\/2017\/11\/17\/schwimmen\/\">18.Sina Pousset &#8220;Schwimmen&#8221;<\/a><\/p>\n<p>19.Alina Herbing &#8220;Niemand ist bei den K\u00e4lbern&#8221;<\/p>\n<p>2018<\/p>\n<p><a href=\"https:\/\/literaturgefluester.wordpress.com\/2018\/12\/04\/nichts-was-uns-passiert\/\">1.Bettina Wilpert &#8220;Nichts, was uns passiert&#8221;<\/a><\/p>\n<p><a href=\"https:\/\/literaturgefluester.wordpress.com\/2018\/04\/08\/orchis\/\">2.Verena Stauffer &#8220;Orchis&#8221;<\/a><\/p>\n<p><a href=\"https:\/\/literaturgefluester.wordpress.com\/2018\/11\/07\/bevor-wir-verschwinden\/\">3.David Fuchs &#8220;Bevor wir verschwinden&#8221;<\/a><\/p>\n<p><a href=\"https:\/\/literaturgefluester.wordpress.com\/2018\/11\/23\/alles-was-glaenzt\/\">4.Marie Gamilschegg &#8220;Alles was gl\u00e4nz<\/a>t&#8221;<\/p>\n<p><a href=\"https:\/\/literaturgefluester.wordpress.com\/2018\/11\/29\/der-letzte-huelsenbeck\/\">5.Christian Y. Schmidt &#8220;Der letzte Huelsenbeck&#8221;<\/a><\/p>\n<p><a href=\"https:\/\/literaturgefluester.wordpress.com\/2019\/07\/07\/im-inneren-des-klaviers\/\">6.Mario Wurmitzer &#8220;Im Inneren des Klaviers&#8221;<\/a><\/p>\n<p><a href=\"https:\/\/literaturgefluester.wordpress.com\/2018\/04\/16\/alte-engel\/\">7.Mareike Schneider &#8220;Alte Engel&#8221;<\/a><\/p>\n<p>8.Anne Reinecke &#8220;Leinsee&#8221;<\/p>\n<p><a href=\"https:\/\/literaturgefluester.wordpress.com\/2018\/10\/06\/im-verborgenen\/\">9.Ljuba Arnautovic &#8220;Im Verborgenen&#8221;<\/a><\/p>\n<p><a href=\"https:\/\/literaturgefluester.wordpress.com\/2018\/09\/01\/was-dann-nachher-so-schoen-fliegt\/\">10.Hilmar Klute &#8220;Was dann nachher so sch\u00f6n fliegt&#8221;<\/a><\/p>\n<p><a href=\"https:\/\/literaturgefluester.wordpress.com\/?p=85079\">11.Livia Klingl &#8220;Der L\u00fcgenpresser&#8221;<\/a><\/p>\n<p><a href=\"https:\/\/literaturgefluester.wordpress.com\/2018\/07\/29\/bis-ans-ende-marie\/\">12.Barbara Rieger &#8220;Bis ans Ende Marie&#8221;<\/a><\/p>\n<p><a href=\"https:\/\/literaturgefluester.wordpress.com\/2019\/01\/24\/adrian-oder-die-unzaehlbaren-dinge\/\">13.Angelika Stallhofer &#8220;Adrian oder:Die unz\u00e4hlbaren Dinge&#8221;<\/a><\/p>\n<p><a href=\"https:\/\/literaturgefluester.wordpress.com\/2018\/03\/10\/fliegende-hunde\/\">14.Wlada Kolosowa &#8220;Fliegende Hunde&#8221;<\/a><\/p>\n<p><a href=\"https:\/\/literaturgefluester.wordpress.com\/2018\/07\/06\/tausend-deutsche-diskotheken\/\">15.Michel Decar &#8220;Tausend deutsche Diskotheken&#8221;<\/a><\/p>\n<p><a href=\"https:\/\/literaturgefluester.wordpress.com\/2018\/08\/13\/opoe\/\">16.Donat Blum &#8220;Ope&#8221;<\/a><\/p>\n<p><a href=\"https:\/\/literaturgefluester.wordpress.com\/2018\/03\/20\/engele\/\">17.Claudia Tischky &#8220;Engele&#8221;<\/a><\/p>\n<p><a href=\"https:\/\/literaturgefluester.wordpress.com\/2018\/11\/18\/der-tag-endet-mit-dem-licht\/\">18.Daniel Pfabe &#8220;Der Tag endet mit dem Licht&#8221;<\/a><\/p>\n<p><a href=\"https:\/\/literaturgefluester.wordpress.com\/2018\/09\/25\/amerika\/\">19.Kai Wieland &#8220;Amerika&#8221;<\/a><\/p>\n<p><a href=\"https:\/\/literaturgefluester.wordpress.com\/2018\/09\/25\/mit-der-faust-in-die-welt-schlagen\/\">20.Lukas Rietzschel &#8220;Mit der Faust in die Welt schlagen&#8221;<\/a><\/p>\n<p><a href=\"https:\/\/literaturgefluester.wordpress.com\/2018\/10\/31\/hier-ist-noch-alles-moeglich\/\">21.Gianna Molinari &#8220;Hier ist noch alles m\u00f6glich&#8221;<\/a><\/p>\n<p><a href=\"https:\/\/literaturgefluester.wordpress.com\/2018\/04\/02\/stromland\/\">22.Florian Wacker &#8220;Stromland&#8221;<\/a><\/p>\n<p><a href=\"https:\/\/literaturgefluester.wordpress.com\/2018\/03\/22\/unter-der-haut\/\">23.Gunnar Kaiser &#8220;Unter der Haut<\/a><\/p>\n<p>2019<\/p>\n<ol>\n<li><a href=\"https:\/\/literaturgefluester.wordpress.com\/2019\/10\/03\/vater-unser\/\">Angela Lehner &#8220;Vater unser&#8221;<\/a><\/li>\n<li><a href=\"https:\/\/literaturgefluester.wordpress.com\/?p=79249\">Martin Peichl &#8220;Wie man die Dinge repariert&#8221;<\/a><\/li>\n<li><a href=\"https:\/\/literaturgefluester.wordpress.com\/2019\/02\/17\/ich-kann-dich-hoeren\/\">Katharina Mevissen &#8220;Ich kann dich h\u00f6ren&#8221;<\/a><\/li>\n<li><a href=\"https:\/\/literaturgefluester.wordpress.com\/?p=79287&amp;preview=true\">Ana Marwan &#8220;Der Kreis des Weberknechts&#8221;<\/a><\/li>\n<li><a href=\"https:\/\/literaturgefluester.wordpress.com\/2019\/12\/28\/drei-kilometer\/\">Nadine Schneider &#8220;Drei Kilometer&#8221;<\/a><\/li>\n<li><a href=\"https:\/\/literaturgefluester.wordpress.com\/2019\/12\/13\/die-guten-tage\/\">Marco Dinic &#8220;Die guten Tage&#8221;<\/a><\/li>\n<li><a href=\"https:\/\/literaturgefluester.wordpress.com\/2019\/10\/13\/gelenke-des-lichts\/\">Emaneul Mae\u00df &#8220;Gelenke des Lichts&#8221;<\/a><\/li>\n<li><a href=\"https:\/\/literaturgefluester.wordpress.com\/2019\/10\/12\/kingsugi\/\">Miku Sophie K\u00fchmel &#8220;Kintsugi&#8221;<\/a><\/li>\n<li><a href=\"https:\/\/literaturgefluester.wordpress.com\/2019\/04\/09\/heinz-und-sein-herrl\/\">Eva Woska-Nimmervoll &#8220;Heinz und sein Herrl&#8221;<\/a><\/li>\n<li><a href=\"https:\/\/literaturgefluester.wordpress.com\/2019\/11\/30\/jesolo\/\">Tanja Raich &#8220;Jesolo&#8221;<\/a><\/li>\n<li><a href=\"https:\/\/literaturgefluester.wordpress.com\/2019\/08\/23\/die-juengsten-tage\/\">Tom M\u00fcller &#8220;Die j\u00fcngsten Tage&#8221;<\/a><\/li>\n<li><a href=\"https:\/\/literaturgefluester.wordpress.com\/2019\/04\/17\/das-leben-ist-eins-der-haertesten\/\">Guila Becker &#8220;Das Leben ist eines der H\u00e4rtesten&#8221;<\/a><\/li>\n<li><a href=\"https:\/\/literaturgefluester.wordpress.com\/2019\/03\/07\/schellenmann\/\">Philipp B\u00f6hm &#8220;Schellenmann&#8221;<\/a><\/li>\n<li><a href=\"https:\/\/literaturgefluester.wordpress.com\/2019\/12\/25\/balg\/\">Tabea Steiner &#8220;Balg&#8221;<\/a><\/li>\n<li>I<a href=\"https:\/\/literaturgefluester.wordpress.com\/2019\/11\/09\/die-nachkommende\/\">vna Zik &#8220;Die Nachkommende&#8221;<\/a><\/li>\n<li><a href=\"https:\/\/literaturgefluester.wordpress.com\/2019\/10\/06\/der-grosse-garten\/\">Lola Randl &#8220;Der gro\u00dfe Garten&#8221;<\/a><\/li>\n<li><a href=\"https:\/\/literaturgefluester.wordpress.com\/2019\/09\/29\/miroloi\/\">Karen K\u00f6hler &#8220;Miroloi&#8221;<\/a><\/li>\n<li><a href=\"https:\/\/literaturgefluester.wordpress.com\/2019\/09\/28\/das-fluessige-land\/\">Raphaela Edelbauer &#8220;Das fl\u00fc\u00dfige Land&#8221;<\/a><\/li>\n<li><a href=\"https:\/\/literaturgefluester.wordpress.com\/2019\/09\/22\/in-den-kommenden-naechten\/\">Irmgard Fuchs &#8220;In den kommenden N\u00e4chten&#8221;<\/a><\/li>\n<li><a href=\"https:\/\/literaturgefluester.wordpress.com\/2019\/09\/15\/nicht-wie-ihr\/\">Tonio Schachinger &#8220;Nicht wie ihr&#8221;<\/a><\/li>\n<li>Malte Borsdorf &#8220;Flutgebiet&#8221;<\/li>\n<\/ol>\n<p>2020<\/p>\n<ol>\n<li>Dominik Barta &#8220;Vom Land&#8221;<\/li>\n<li><a href=\"https:\/\/literaturgefluester.wordpress.com\/2020\/02\/15\/wir-verlasenen-kinder\/\">Lucia Leidenfrost &#8220;Wir verlassene Kinder&#8221;<\/a><\/li>\n<li><a href=\"https:\/\/literaturgefluester.wordpress.com\/?p=86977&amp;preview=true\">Laura Lichtblau &#8220;Schwarzpulver&#8221;<\/a><\/li>\n<li><a href=\"https:\/\/literaturgefluester.wordpress.com\/?p=90779&amp;preview=true\">Ilona Hartmann &#8220;Land in Sicht&#8221;<\/a><\/li>\n<li><a href=\"https:\/\/literaturgefluester.wordpress.com\/?p=91087&amp;preview=true\">Deniz Ohde &#8220;Streulicht&#8221;<\/a><\/li>\n<li><a href=\"https:\/\/literaturgefluester.wordpress.com\/?p=91035&amp;preview=true\">Oliva Wenzel &#8220;Tausend Serpentinen Angst&#8221;<\/a><\/li>\n<li><a href=\"https:\/\/literaturgefluester.wordpress.com\/2020\/07\/25\/monster-wie-wir\/\">Ulrike Almut Sandig &#8220;Monster wie wir&#8221;<\/a><\/li>\n<li><a href=\"https:\/\/literaturgefluester.wordpress.com\/?p=92870&amp;preview=true\">Leander Fischer &#8220;Die Forelle&#8221;<\/a><\/li>\n<li><a href=\"https:\/\/literaturgefluester.wordpress.com\/2020\/08\/17\/triceratops\/\">Stephan Roiss &#8220;Triceratops&#8221;<\/a><\/li>\n<li><a href=\"https:\/\/literaturgefluester.wordpress.com\/?p=93510&amp;preview=true\">Mercedes Spannagel &#8220;Das Palais mu\u00df brennen&#8221;<\/a><\/li>\n<li><a href=\"https:\/\/literaturgefluester.wordpress.com\/2020\/11\/18\/uber-allem-und-nichts\/\">Gunter Neumann &#8220;\u00dcber allem und nichts&#8221;<\/a><\/li>\n<li><a href=\"https:\/\/literaturgefluester.wordpress.com\/2020\/01\/30\/ewig-her-und-gar-nicht-wahr\/\">Marina Frenck &#8220;Ewig her und gar nicht wahr&#8221;<\/a><\/li>\n<li><a href=\"https:\/\/literaturgefluester.wordpress.com\/?p=94659&amp;preview=true\">David Misch &#8220;Schatten \u00fcber den Brettern&#8221;<\/a><\/li>\n<li><a href=\"https:\/\/literaturgefluester.wordpress.com\/?p=94533&amp;preview=true\">Amanda Lasker-Berlin &#8220;Elijas Lied&#8221;<\/a><\/li>\n<li><a href=\"https:\/\/literaturgefluester.wordpress.com\/?p=94383&amp;preview=true\">Cihan Acar &#8220;Hawai&#8221;<\/a><\/li>\n<\/ol>\n\n\n<p>2021<\/p>\n\n\n\n<ol class=\"wp-block-list\">\n<li><a href=\"\/2021\/04\/15\/hotel-weitblick\/\">Renate Silberer &#8220;Hotel Weitblick&#8221;<\/a><\/li>\n\n\n\n<li><a href=\"\/2021\/03\/12\/ameisenmonarchie\/\">Romina Pleschko&#8221;Ameisenmonarchie&#8221;<\/a><\/li>\n\n\n\n<li><a href=\"\/2021\/08\/16\/mama\/\">Jessica Lind &#8220;Mama&#8221;<\/a><\/li>\n\n\n\n<li><a href=\"\/2021\/04\/09\/der-himmel-vor-hundert-jahren\/\">Yulila Marfutova Der Himmel vor hundert Jahren<\/a><\/li>\n\n\n\n<li><a href=\"\/2021\/05\/26\/das-liebesleben-der-pinguine\/\">Bernhard Heckler &#8220;Das Liebesleben der Pinguine&#8221;<\/a><\/li>\n\n\n\n<li><a href=\"\/2021\/02\/28\/kleine-freiheit\/\">Nicola Kabel &#8220;Kleine Freiheit&#8221;<\/a><\/li>\n\n\n\n<li><a href=\"\/2021\/03\/19\/immer-noch-wach\/\">Fabian Neidthart &#8220;Immer noch wach&#8221;<\/a> <\/li>\n\n\n\n<li><a href=\"\/\/literaturgefluester.wordpress.com\/2021\/11\/11\/jacob-traumt-nicht-mehr\/\">Clemens Bruno Gatzmago &#8220;Jacob tr\u00e4umt nicht mehr&#8221;<\/a><\/li>\n\n\n\n<li><a href=\"\/\/literaturgefluester.wordpress.com\/2021\/12\/08\/was-der-fall-ist\/#respond\">Thomas  Duarte  &#8220;Was der Fall ist&#8221;<\/a><\/li>\n\n\n\n<li><a href=\"\/\/literaturgefluester.wordpress.com\/2021\/12\/21\/schnittbild\/\">Anna Felnhofer &#8220;Schnittbild&#8221;<\/a><\/li>\n\n\n\n<li><a href=\"\/\/literaturgefluester.wordpress.com\/2021\/12\/31\/die-aufdrangung\/\">Ariane Koch &#8220;Die Aufdr\u00e4ngung&#8221;<\/a><\/li>\n\n\n\n<li><a href=\"\/\/literaturgefluester.wordpress.com\/2022\/01\/03\/junge-mit-starken-hahn\/\">Stefanie vor Schulte &#8220;Junge mit schwarzem Hahn&#8221;<\/a><\/li>\n\n\n\n<li><a href=\"\/literaturgefluester.wordpress.com\/2022\/01\/05\/adas-raum\/\">Sharon Dodua Otoo &#8220;Adas Raum&#8221;<\/a><\/li>\n\n\n\n<li><a href=\"\/literaturgefluester.wordpress.com\/2022\/01\/08\/die-gegenstimme\/#respond\">Thomas Arzt &#8220;Die Gegenstimme&#8221;<\/a><\/li>\n\n\n\n<li><a href=\"http:\/\/:\/\/literaturgefluester.wordpress.com\/2021\/11\/20\/mein-lieblingstier-heisst-winter\/\">Ferdinand Schmalz &#8220;Mein Lieblingstier hei\u00dft Winter&#8221;<\/a><\/li>\n\n\n\n<li><a href=\"https:\/\/literaturgefluester.wordpress.com\/2022\/02\/09\/aus-einer-zeit\/\">Maximilian Zech &#8220;Aus einer Zeit&#8221;<\/a><\/li>\n<\/ol>\n\n\n\n<p>2022<\/p>\n\n\n\n<p><a href=\"https:\/\/literaturgefluester.wordpress.com\/2022\/08\/30\/hinterher\/\">1.Finn Job &#8220;Hinterher&#8221;<\/a><\/p>\n\n\n\n<p><a href=\"https:\/\/literaturgefluester.wordpress.com\/2022\/09\/29\/153-formen-des-nichtseins\/\">2.Slata Roschal &#8220;153 Formen des Nichtsein&#8221;<\/a><\/p>\n\n\n\n<p><a href=\"https:\/\/literaturgefluester.wordpress.com\/2022\/10\/26\/kangal\/\">3.Anna Yelitz Schentke &#8220;Kangal&#8221;<\/a><\/p>\n\n\n\n<p><a href=\"https:\/\/literaturgefluester.wordpress.com\/2022\/11\/19\/hohe-berge\/\">4.Silke Stamm &#8220;Hohe Berge&#8221;<\/a><\/p>\n\n\n\n<p><a href=\"https:\/\/literaturgefluester.wordpress.com\/2022\/09\/25\/freudenberg\/\">5.Karl Christian Elze &#8220;Freudenberg&#8221;<\/a><\/p>\n\n\n\n<p>6<a href=\"https:\/\/literaturgefluester.wordpress.com\/2022\/07\/19\/die-ewigkeit-ist-ein-guter-ort\/\">.Tamar Noort &#8220;Die Ewigkeit ist ein guter Ort&#8221;<\/a><\/p>\n\n\n\n<p><a href=\"https:\/\/literaturgefluester.wordpress.com\/2022\/11\/24\/die-dringlichkeit-der-dinge\/\">7.Markus Grundtner &#8220;Die Dringlichkeit der Dinge&#8221;<\/a><\/p>\n\n\n\n<p><a href=\"https:\/\/literaturgefluester.wordpress.com\/2022\/12\/01\/luftposter\/\">8. Lena-Marie Biertimpel &#8220;Luftpolster&#8221;<\/a><\/p>\n\n\n\n<p><a href=\"https:\/\/literaturgefluester.wordpress.com\/2022\/03\/31\/aibohphobia\/\">9. Kurt Fleisch &#8220;Aibophobia&#8221;<\/a><\/p>\n\n\n\n<p><a href=\"https:\/\/literaturgefluester.wordpress.com\/2022\/11\/01\/erbgut\/#respond\">10. Bettina Schleiffinger &#8220;Erbgut&#8221;<\/a><\/p>\n\n\n\n<p><a href=\"https:\/\/literaturgefluester.wordpress.com\/2022\/11\/05\/lento-violento\/\">11.Maria Muhar &#8220;Lento Violento&#8221;<\/a><\/p>\n\n\n\n<p><a href=\"https:\/\/literaturgefluester.wordpress.com\/2022\/05\/22\/vielleicht-habe-ich-dich-nur-erfunden\/\">12. Tatjana Scheel &#8220;Vielleicht habe ich dich nur erfunden&#8221;<\/a><\/p>\n\n\n\n<p><a href=\"https:\/\/literaturgefluester.wordpress.com\/2022\/10\/31\/blutbuch\/\">13.Kim de L`Horizon &#8220;Blutbuch&#8221;<\/a><\/p>\n\n\n\n<p><a href=\"https:\/\/literaturgefluester.wordpress.com\/2022\/11\/23\/maremma\/\">14.Anna Maria Stadler &#8220;Maremma&#8221;<\/a><\/p>\n\n\n\n<p><a href=\"https:\/\/literaturgefluester.wordpress.com\/2022\/05\/15\/es-war-schon-immer-ziemlich-kalt\/\">15. Ela Mayer &#8220;Es war schon immer ziemlich kalt&#8221;<\/a><\/p>\n\n\n\n<p><\/p>\n","protected":false},"excerpt":{"rendered":"<p>2016 Katharina Winkler &#8220;Blauschmuck&#8221; Shida Bazyar &#8220;Nachts ist es leise in Teheran&#8221; Philip Kr\u00f6mer &#8220;Ymir- oder: Aus der Hirnschale im Himmel&#8221; Sonja Harter &#8220;Wei\u00dfblende&#8221; Uli Wittstock &#8220;Wei\u00dfes Rauschen oder Die sieben Tage von Bardorf&#8221; Petra Piuk &#8220;Lucy fliegt&#8221; Friederike G\u00f6sweiner &hellip; <a href=\"https:\/\/literaturgefluester.akis.site\/?page_id=79169\">Continue reading <span class=\"meta-nav\">&rarr;<\/span><\/a><\/p>\n","protected":false},"author":1,"featured_media":0,"parent":0,"menu_order":15,"comment_status":"closed","ping_status":"closed","template":"","meta":{"footnotes":""},"class_list":["post-79169","page","type-page","status-publish","hentry"],"_links":{"self":[{"href":"https:\/\/literaturgefluester.akis.site\/index.php?rest_route=\/wp\/v2\/pages\/79169","targetHints":{"allow":["GET"]}}],"collection":[{"href":"https:\/\/literaturgefluester.akis.site\/index.php?rest_route=\/wp\/v2\/pages"}],"about":[{"href":"https:\/\/literaturgefluester.akis.site\/index.php?rest_route=\/wp\/v2\/types\/page"}],"author":[{"embeddable":true,"href":"https:\/\/literaturgefluester.akis.site\/index.php?rest_route=\/wp\/v2\/users\/1"}],"replies":[{"embeddable":true,"href":"https:\/\/literaturgefluester.akis.site\/index.php?rest_route=%2Fwp%2Fv2%2Fcomments&post=79169"}],"version-history":[{"count":0,"href":"https:\/\/literaturgefluester.akis.site\/index.php?rest_route=\/wp\/v2\/pages\/79169\/revisions"}],"wp:attachment":[{"href":"https:\/\/literaturgefluester.akis.site\/index.php?rest_route=%2Fwp%2Fv2%2Fmedia&parent=79169"}],"curies":[{"name":"wp","href":"https:\/\/api.w.org\/{rel}","templated":true}]}}