{"id":73012,"date":"2019-07-26T13:08:16","date_gmt":"2019-07-26T11:08:16","guid":{"rendered":"https:\/\/literaturgefluester.wordpress.com\/?page_id=73012"},"modified":"2019-07-26T13:08:16","modified_gmt":"2019-07-26T11:08:16","slug":"schweizer-literaturpreis","status":"publish","type":"page","link":"https:\/\/literaturgefluester.akis.site\/?page_id=73012","title":{"rendered":"Schweizer Buchpreis"},"content":{"rendered":"<p>2008<\/p>\n<ol>\n<li><a href=\"https:\/\/literaturgefluester.wordpress.com\/2012\/05\/20\/wir-fliegen\/\">Peter Stamm &#8220;Wir fliegen&#8221;<\/a><\/li>\n<\/ol>\n<p>2010.<\/p>\n<p><a href=\"https:\/\/literaturgefluester.wordpress.com\/2011\/01\/27\/einladung-an-die-waghalsigen\/\">1. Dorothee Elminger &#8220;Einladung an die Waghalsigen&#8221;<\/a><\/p>\n<p><a href=\"https:\/\/literaturgefluester.wordpress.com\/2017\/08\/07\/tauben-fliegen-auf\/\">2.Melinda Nadj Abonji &#8220;Tauben fliegen auf&#8221;<\/a><\/p>\n<p>2011<\/p>\n<ol>\n<li><a href=\"https:\/\/literaturgefluester.wordpress.com\/2019\/08\/06\/jacob-bschliesst-zu-lieben\/\">Catalin Dlorian&nbsp; Florescu &#8220;Jacob beschlie\u00dft zu lieben&#8221;<\/a><\/li>\n<li>Peter Stamm &#8220;Seer\u00fccken&#8221;<\/li>\n<\/ol>\n<p>2012<\/p>\n<ol>\n<li><a href=\"https:\/\/literaturgefluester.wordpress.com\/2016\/03\/07\/vielen-dank-fuer-das-leben\/\">Sibylle Berg &#8220;Vielen Dank f\u00fcr das Leben&#8221;<\/a><\/li>\n<li>Peter von Mann &#8220;Das Kalb vor der Gotthardtpost&#8221;<\/li>\n<li><a href=\"https:\/\/literaturgefluester.wordpress.com\/2019\/08\/04\/wolkenbruchs-wunderliche-reise-in-die-arme-einer-schickse\/\">Thomas Meyer &#8220;Wolkenbruchs wunderliche Reise in die Arme einer Schickse&#8221;<\/a><\/li>\n<li><a href=\"https:\/\/literaturgefluester.wordpress.com\/?p=73309\">Alain Claude Sulzer &#8220;Aus den Fugen&#8221;<\/a><\/li>\n<\/ol>\n<p>2013<\/p>\n<p><a href=\"https:\/\/literaturgefluester.wordpress.com\/2018\/07\/21\/soutines-letzte-fahrt\/\">1.Ralph Dutli &#8220;Soutines letzte Fahrt&#8221;<\/a><\/p>\n<p>2<a href=\"https:\/\/literaturgefluester.wordpress.com\/?p=87132&amp;preview=true\">. Jonas L\u00fcscher &#8220;Fr\u00fchling der Barbaren&#8221;<\/a><\/p>\n<p>2014<\/p>\n<ol>\n<li><a href=\"https:\/\/literaturgefluester.wordpress.com\/2015\/07\/17\/koala\/\">Lukas B\u00e4rfu\u00df &#8220;Koala&#8221;<\/a><\/li>\n<\/ol>\n<p>2015<\/p>\n<ol>\n<li><a href=\"https:\/\/literaturgefluester.wordpress.com\/2015\/08\/25\/eins-im-anderen\/\">Monique Schwitter &#8220;Eins im Anderen&#8221;<\/a><\/li>\n<\/ol>\n<p>2016<\/p>\n<ol>\n<li><a href=\"https:\/\/literaturgefluester.wordpress.com\/2016\/10\/31\/und-was-hat-das-mit-mir-zu-tun\/\">Sacha Battyany &#8220;Und was hat das mit mir zu tun?&#8221;<\/a><\/li>\n<li><a href=\"https:\/\/literaturgefluester.wordpress.com\/2016\/08\/30\/mein-vater-war-ein-mann-am-land-und-im-wasser-ein-walfisch\/\">Michelle Steinbeck &#8220;Mein Vater war ein Mann an Land und im Wasser ein Walfisch&#8221;<\/a><\/li>\n<\/ol>\n<p>2017<\/p>\n<ol>\n<li><a href=\"https:\/\/literaturgefluester.wordpress.com\/2017\/08\/26\/kraft\/\">Jonas L\u00fcscher &#8220;Kraft&#8221;<\/a><\/li>\n<li><a href=\"https:\/\/literaturgefluester.wordpress.com\/2017\/11\/24\/immer-ist-alles-schoen\/\">Julia Weber &#8220;Immer ist alles sch\u00f6n&#8221;<\/a><\/li>\n<\/ol>\n<p>2018<\/p>\n<ol>\n<li><a href=\"https:\/\/literaturgefluester.wordpress.com\/2018\/10\/31\/hier-ist-noch-alles-moeglich\/\">Gianna Molinari &#8220;Hier ist noch alles m\u00f6glich&#8221;<\/a><\/li>\n<\/ol>\n<p>2019<\/p>\n<ol>\n<li><a href=\"https:\/\/literaturgefluester.wordpress.com\/?p=77312\">Simone Lappert &#8220;Der Sprung&#8221;<\/a><\/li>\n<li><a href=\"https:\/\/literaturgefluester.wordpress.com\/2019\/11\/09\/die-nachkommende\/\">Ivna Zic &#8220;Die Nachkommen&#8221;<\/a><\/li>\n<li><a href=\"https:\/\/literaturgefluester.wordpress.com\/?p=78792\">Alain Claude Sulzer &#8220;Unhaltbare Zust\u00e4nde&#8221;<\/a><\/li>\n<li><a href=\"https:\/\/literaturgefluester.wordpress.com\/2019\/12\/22\/grm-brainfuck\/\">Sibylle Berg &#8220;GRM:Brainfuck&#8221;<\/a><\/li>\n<li><a href=\"https:\/\/literaturgefluester.wordpress.com\/?p=79115\">Tabea Steiner &#8220;Balg&#8221;<\/a><\/li>\n<\/ol>\n<p>2020.<\/p>\n<ol>\n<li><a href=\"https:\/\/literaturgefluester.wordpress.com\/2020\/09\/09\/aus-der-zuckerfabrik\/\">Dorothee Elmiger &#8220;Aus der Zuckerfabrik&#8221;<\/a><\/li>\n<li><a href=\"https:\/\/literaturgefluester.wordpress.com\/2020\/08\/31\/der-halbbart\/\">Charles Lewinsk<b>y <\/b>&#8221; Der Halbbart&#8221;<\/a><\/li>\n<li><a href=\"https:\/\/literaturgefluester.wordpress.com\/?p=93305&amp;preview=true\">Karl R\u00fchmann &#8220;Der Held&#8221;<\/a><\/li>\n<li><a href=\"https:\/\/literaturgefluester.wordpress.com\/?p=93388&amp;preview=true\">Anna Stern &#8220;das alles hier, jetzt.&#8221;<\/a><\/li>\n<li><a href=\"https:\/\/literaturgefluester.wordpress.com\/?p=93872&amp;preview=true\">Tom Kummer &#8220;Von schlechten Eltern&#8221;<\/a><\/li>\n<\/ol>\n\n\n<p>2021<\/p>\n\n\n\n<p><a href=\"\/2021\/05\/23\/eurotrash\/\">1.Christian Kracht &#8220;Eurotrash&#8221;<\/a><\/p>\n\n\n\n<p><a href=\"\/\/literaturgefluester.wordpress.com\/2021\/11\/28\/grosser-als-du\/\">2.Veronika Sutter&#8221;Gr\u00f6\u00dfer als du&#8221;<\/a><\/p>\n\n\n\n<p><a href=\"\/\/literaturgefluester.wordpress.com\/2021\/12\/08\/was-der-fall-ist\/#respond\">3.Thomas Duarte &#8220;Was der Fall ist&#8221;<\/a><\/p>\n\n\n\n<p><a href=\"\/\/literaturgefluester.wordpress.com\/2020\/12\/13\/anette-ein-heldinnenepos\/\">4. Martina Clavadetscher &#8220;Die Erfindung des Ungehorsams&#8221;<\/a><\/p>\n\n\n\n<p><a href=\"\/\/literaturgefluester.wordpress.com\/2022\/01\/31\/feuerland-2\/#respond\">5. Michael Hugentobler &#8220;Feuerland&#8221;<\/a><\/p>\n\n\n\n<p><\/p>\n\n\n\n<p>2022<\/p>\n\n\n\n<ol class=\"wp-block-list\">\n<li><a href=\"https:\/\/literaturgefluester.wordpress.com\/2022\/10\/31\/blutbuch\/\">Kim de l`Horizon &#8220;Blutbuch&#8221;<\/a><\/li>\n\n\n\n<li>Thomas R\u00f6thlisberger &#8220;Steine z\u00e4hlen&#8221;<\/li>\n\n\n\n<li><a href=\"https:\/\/literaturgefluester.wordpress.com\/2022\/12\/26\/pommfritz-aus-der-holle\/\">Lioba Happel &#8220;Pommfritz in der H\u00f6lle&#8221;<\/a><\/li>\n\n\n\n<li>Thomas H\u00fcrlimann &#8220;Der Rote Diamant&#8221;<\/li>\n<\/ol>\n","protected":false},"excerpt":{"rendered":"<p>2008 Peter Stamm &#8220;Wir fliegen&#8221; 2010. 1. Dorothee Elminger &#8220;Einladung an die Waghalsigen&#8221; 2.Melinda Nadj Abonji &#8220;Tauben fliegen auf&#8221; 2011 Catalin Dlorian&nbsp; Florescu &#8220;Jacob beschlie\u00dft zu lieben&#8221; Peter Stamm &#8220;Seer\u00fccken&#8221; 2012 Sibylle Berg &#8220;Vielen Dank f\u00fcr das Leben&#8221; Peter von &hellip; <a href=\"https:\/\/literaturgefluester.akis.site\/?page_id=73012\">Continue reading <span class=\"meta-nav\">&rarr;<\/span><\/a><\/p>\n","protected":false},"author":1,"featured_media":0,"parent":0,"menu_order":13,"comment_status":"closed","ping_status":"closed","template":"","meta":{"footnotes":""},"class_list":["post-73012","page","type-page","status-publish","hentry"],"_links":{"self":[{"href":"https:\/\/literaturgefluester.akis.site\/index.php?rest_route=\/wp\/v2\/pages\/73012","targetHints":{"allow":["GET"]}}],"collection":[{"href":"https:\/\/literaturgefluester.akis.site\/index.php?rest_route=\/wp\/v2\/pages"}],"about":[{"href":"https:\/\/literaturgefluester.akis.site\/index.php?rest_route=\/wp\/v2\/types\/page"}],"author":[{"embeddable":true,"href":"https:\/\/literaturgefluester.akis.site\/index.php?rest_route=\/wp\/v2\/users\/1"}],"replies":[{"embeddable":true,"href":"https:\/\/literaturgefluester.akis.site\/index.php?rest_route=%2Fwp%2Fv2%2Fcomments&post=73012"}],"version-history":[{"count":0,"href":"https:\/\/literaturgefluester.akis.site\/index.php?rest_route=\/wp\/v2\/pages\/73012\/revisions"}],"wp:attachment":[{"href":"https:\/\/literaturgefluester.akis.site\/index.php?rest_route=%2Fwp%2Fv2%2Fmedia&parent=73012"}],"curies":[{"name":"wp","href":"https:\/\/api.w.org\/{rel}","templated":true}]}}