{"id":64123,"date":"2018-08-25T16:24:54","date_gmt":"2018-08-25T14:24:54","guid":{"rendered":"https:\/\/literaturgefluester.wordpress.com\/?page_id=64123"},"modified":"2018-08-25T16:24:54","modified_gmt":"2018-08-25T14:24:54","slug":"oesterreichischer-buchpreis","status":"publish","type":"page","link":"https:\/\/literaturgefluester.akis.site\/?page_id=64123","title":{"rendered":"\u00d6sterreichischer Buchpreis"},"content":{"rendered":"<p>Gelesene B\u00fccher:<\/p>\n<p>2016.<\/p>\n<p><a href=\"https:\/\/literaturgefluester.wordpress.com\/2016\/10\/18\/die-annaeherung\/\">1.Anna Mitgutsch &#8220;Die Ann\u00e4herung&#8221;<\/a><\/p>\n<p><a href=\"https:\/\/literaturgefluester.wordpress.com\/2016\/10\/21\/die-auswandernden\/\">2. Peter Waterhouse &#8220;Die Auswandernden&#8221;<\/a><\/p>\n<p>3. <a href=\"https:\/\/literaturgefluester.wordpress.com\/2016\/10\/27\/nachtsendung\/\">Kathrin R\u00f6ggla &#8220;Nachtsendung&#8221;<\/a><\/p>\n<p><a href=\"https:\/\/literaturgefluester.wordpress.com\/2016\/10\/16\/gemischter-satz\/\">4.Daniela Emminger &#8220;Gemischter Satz&#8221;<\/a><\/p>\n<p><a href=\"https:\/\/literaturgefluester.wordpress.com\/2016\/10\/08\/fremde-seele-dunkler-wald\/\">5.Rainer Kaiser M\u00fchlecker &#8220;Fremde Seele dunkler Wald&#8221;<\/a><\/p>\n<p><a href=\"https:\/\/literaturgefluester.wordpress.com\/?p=71334&amp;preview=true\">6. Peter Henisch &#8220;Suchbild mit Katze&#8221;<\/a><\/p>\n<p><a href=\"https:\/\/literaturgefluester.wordpress.com\/?p=72385\">7. Sabine Gruber &#8220;Daldossi oder Das Leben des Augenblicks&#8221;<\/a><\/p>\n<p>Debuts:<\/p>\n<ol>\n<li><a href=\"https:\/\/literaturgefluester.wordpress.com\/2016\/10\/31\/und-was-hat-das-mit-mir-zu-tun\/\">Sascha Batthyany &#8220;Und was hat das mit mir zu tun?&#8221;<\/a><\/li>\n<li><a href=\"https:\/\/literaturgefluester.wordpress.com\/2016\/11\/05\/blauschmuck\/\">Katharina Winkler &#8220;Blauschmuck&#8221;<\/a><\/li>\n<li><a href=\"https:\/\/literaturgefluester.wordpress.com\/2016\/11\/04\/traurige-freiheit\/\">Friederike G\u00f6sweiner &#8220;Traurige Freiheit&#8221;<\/a><\/li>\n<\/ol>\n<p>2017.<\/p>\n<ol>\n<li><a href=\"https:\/\/literaturgefluester.wordpress.com\/2017\/03\/13\/tiere-fuer-fortgeschrittene\/\">Eva Menasse &#8220;Tiere f\u00fcr Fortgeschritte&#8221;<\/a><\/li>\n<li><a href=\"https:\/\/literaturgefluester.wordpress.com\/2017\/10\/16\/klartraum\/\">Olga Flor &#8220;Klartraum&#8221;<\/a><\/li>\n<li><a href=\"https:\/\/literaturgefluester.wordpress.com\/2017\/10\/13\/der-tag-an-dem-mein-grossvater-ein-held-war\/\">Paulus Hochgatterer &#8220;Der Tag an dem mein Gro\u00dfvater ein Held war&#8221;<\/a><\/li>\n<li><a href=\"https:\/\/literaturgefluester.wordpress.com\/2017\/10\/01\/die-hauptstadt\/\">Robert Menasse &#8220;Die Hauptstadt&#8221;<\/a><\/li>\n<li><a href=\"https:\/\/literaturgefluester.wordpress.com\/2017\/10\/22\/val-die-non\/\">Oswald Egger &#8220;Val di Non&#8221;<\/a><\/li>\n<li><a href=\"https:\/\/literaturgefluester.wordpress.com\/2017\/10\/25\/alles-ueber-beziehungen\/\">Doris Knecht &#8220;Alles \u00fcber Beziehungen&#8221;<\/a><\/li>\n<li><a href=\"https:\/\/literaturgefluester.wordpress.com\/2018\/06\/23\/autolyse-wien\/\">Karin Peschka &#8220;Autolyse Wien&#8221;<\/a><\/li>\n<li><a href=\"https:\/\/literaturgefluester.wordpress.com\/2017\/10\/23\/die-ausserirdischen\/\">Doron Rabinovici &#8220;Die Au\u00dferirdischen&#8221;<\/a><\/li>\n<li><a href=\"https:\/\/literaturgefluester.wordpress.com\/2017\/10\/14\/fortuna-aus-dem-magazin-des-gluecks\/\">Franz Schuh &#8220;Fortuna&#8221;<\/a><\/li>\n<\/ol>\n<p>Debuts:<\/p>\n<p>1. <a href=\"https:\/\/literaturgefluester.wordpress.com\/2017\/10\/26\/liebwies\/\">Irene Diwiak &#8220;Liebwies&#8221;<\/a><\/p>\n<p>2.<a href=\"https:\/\/literaturgefluester.wordpress.com\/2017\/10\/27\/reibungsverluste\/\">Mascha Dabics &#8220;Reibungsverluste&#8221;<\/a><\/p>\n<p>2018.<\/p>\n<ol>\n<li><a href=\"https:\/\/literaturgefluester.wordpress.com\/2018\/06\/08\/dunkelgruen-ist-fast-schwarz\/\">Mareike Fallwickl &#8220;Dunkelgr\u00fcn fast schwarz&#8221;<\/a><\/li>\n<li><a href=\"https:\/\/literaturgefluester.wordpress.com\/2018\/02\/21\/herr-kato-spielt-familie\/\">Milena Michiko Flasar &#8220;Herr Kato spielt Familie&#8221;<\/a><\/li>\n<li><a href=\"https:\/\/literaturgefluester.wordpress.com\/2018\/08\/25\/unter-der-drachenwand\/\">Arno Geiger &#8220;Unter der Drachenwand&#8221;<\/a><\/li>\n<li><a href=\"https:\/\/literaturgefluester.wordpress.com\/2018\/02\/10\/kein-platz-mehr\/\">Margit Schreiner &#8220;Kein Platz mehr&#8221;<\/a><\/li>\n<li><a href=\"https:\/\/literaturgefluester.wordpress.com\/2018\/03\/04\/die-bueglerin\/\">Heinrich Steinfest &#8220;Die B\u00fcglerin&#8221;<\/a><\/li>\n<li><a href=\"https:\/\/literaturgefluester.wordpress.com\/?p=64702\">Gerhard J\u00e4ger &#8220;All die Nacht \u00fcber uns&#8221;<\/a><\/li>\n<li><a href=\"https:\/\/literaturgefluester.wordpress.com\/?p=64900\">Hanno Millesi &#8220;Die vier Weltteile&#8221;<\/a><\/li>\n<li><a href=\"https:\/\/literaturgefluester.wordpress.com\/?p=65995\">Josef Winkler &#8220;La\u00df dich heimgeigen Vater, oder Den Tod ins Herz mir schreibe&#8221;<\/a><\/li>\n<li><a href=\"https:\/\/literaturgefluester.wordpress.com\/2018\/11\/11\/koenigin-der-berge\/\">Daniel Wisser &#8220;K\u00f6nigin der Berge&#8221;<\/a><\/li>\n<li><a href=\"https:\/\/literaturgefluester.wordpress.com\/?p=68386\">Robert Seethaler &#8220;Das Feld&#8221;<\/a><\/li>\n<\/ol>\n<p>Debuts:<\/p>\n<ol>\n<li><a href=\"https:\/\/literaturgefluester.wordpress.com\/?p=65138\">Ljuba Artnautovic &#8220;Im Verborgenen&#8221;<\/a><\/li>\n<li><a href=\"https:\/\/literaturgefluester.wordpress.com\/?p=66016\">David Fuchs &#8220;Bevor wir verschwinden&#8221;<\/a><\/li>\n<li><a href=\"https:\/\/literaturgefluester.wordpress.com\/?p=66407\">Marie Gamilschegg &#8220;Alles was gl\u00e4nzt&#8221;<\/a><\/li>\n<\/ol>\n<p>2019.<\/p>\n<ol>\n<li><a href=\"https:\/\/literaturgefluester.wordpress.com\/?p=74547\">Marlene Streeruwitz &#8220;Flammenwand&#8221;<\/a><\/li>\n<li><a href=\"https:\/\/literaturgefluester.wordpress.com\/?p=74866\">Raphaela Edelbauer &#8220;Das fl\u00fcssige Land&#8221;<\/a><\/li>\n<li><a href=\"https:\/\/literaturgefluester.wordpress.com\/?p=77431\">Gerhard Roth &#8220;Der Himmel ist leer, die Teufel sind alle hier&#8221;<\/a><\/li>\n<li><a href=\"https:\/\/literaturgefluester.wordpress.com\/?p=77520\">Sophie Reyer &#8220;Mutter brennt&#8221;<\/a><\/li>\n<li><a href=\"https:\/\/literaturgefluester.wordpress.com\/?p=77588\">Harald Darer &#8220;Blaumann&#8221;<\/a><\/li>\n<li><a href=\"https:\/\/literaturgefluester.wordpress.com\/?p=77658\">Karl-Markus Gau\u00df &#8220;Abenteuerliche Reise durch mein Zimmer&#8221;<\/a><\/li>\n<li><a href=\"https:\/\/literaturgefluester.wordpress.com\/?p=78073\">Norbert Gstrein &#8220;Als ich jung war&#8221;<\/a><\/li>\n<li><a href=\"https:\/\/literaturgefluester.wordpress.com\/?p=78381\">Florjan Lipus &#8220;Schotter&#8221;<\/a><\/li>\n<li><a href=\"https:\/\/literaturgefluester.wordpress.com\/2019\/11\/09\/die-nachkommende\/\">Ivna Zic &#8220;Die Nachkommende&#8221;<\/a><\/li>\n<li><a href=\"https:\/\/literaturgefluester.wordpress.com\/?p=77908\">Clemens J. Setz &#8220;Der Trost runder Dinge&#8221;<\/a><\/li>\n<\/ol>\n<p>Debuts:<\/p>\n<ol>\n<li><a href=\"https:\/\/literaturgefluester.wordpress.com\/?p=75040\">Angela Lehner &#8220;Vater unser&#8221;<\/a><\/li>\n<li><a href=\"https:\/\/literaturgefluester.wordpress.com\/?p=78204\">Marco Dinic &#8220;Die guten Tage&#8221;<\/a><\/li>\n<li><a href=\"https:\/\/literaturgefluester.wordpress.com\/?p=77833\">Tanja Raich &#8220;Jesolo&#8221;<\/a><\/li>\n<\/ol>\n<p>2020<\/p>\n<ol>\n<li><a href=\"https:\/\/literaturgefluester.wordpress.com\/?p=88831&amp;preview=true\">Helena Adler &#8220;Die Infantin tr\u00e4gt den Scheitel links&#8221;<\/a><\/li>\n<li><a href=\"https:\/\/literaturgefluester.wordpress.com\/?p=91437&amp;preview=true\">Xaver Bayer &#8220;Geschichten mit Marianne&#8221;<\/a><\/li>\n<li><a href=\"https:\/\/literaturgefluester.wordpress.com\/?p=91797&amp;preview=true\">Ludwig Fels &#8220;Mondbeben&#8221;<\/a><\/li>\n<li><a href=\"https:\/\/literaturgefluester.wordpress.com\/2020\/03\/07\/feenstaub\/\"> Cornelia Travnicek &#8220;Feenstaub&#8221;<\/a><\/li>\n<li><a href=\"https:\/\/literaturgefluester.wordpress.com\/?p=91190&amp;preview=true\">Melitta Breznik &#8220;Mutter&#8221;<\/a><\/li>\n<li><a href=\"https:\/\/literaturgefluester.wordpress.com\/?p=91973&amp;preview=true\">Monika Helfer &#8220;Die Bagage&#8221;<\/a><\/li>\n<li><a href=\"https:\/\/literaturgefluester.wordpress.com\/?p=92099&amp;preview=true\">Karin Peschka &#8220;Putzt euch, tanzt, lacht&#8221;<\/a><\/li>\n<li><a href=\"https:\/\/literaturgefluester.wordpress.com\/?p=92136&amp;preview=true\">Verena Stauffer &#8220;Ousia&#8221;<\/a><\/li>\n<li><a href=\"https:\/\/literaturgefluester.wordpress.com\/?p=91612\">Michael Stavaric &#8220;Fremdes Licht&#8221;<\/a><\/li>\n<li><a href=\"https:\/\/literaturgefluester.wordpress.com\/?p=92420&amp;preview=true\">Ilija Trojanow &#8220;Doppelte Spur&#8221;<\/a><\/li>\n<\/ol>\n<p>Debuts.<\/p>\n<ol>\n<li><a href=\"https:\/\/literaturgefluester.wordpress.com\/?p=92168&amp;preview=true\">Gunther Neumann &#8220;\u00dcber allem und nichts&#8221;<\/a><\/li>\n<li><a href=\"https:\/\/literaturgefluester.wordpress.com\/?p=92870&amp;preview=true\">Leander Fischer &#8220;Die Forelle&#8221;<\/a><\/li>\n<li><a href=\"https:\/\/literaturgefluester.wordpress.com\/?p=93510&amp;preview=true\">Mercedes Spannagel &#8220;Das Palais muss brennen&#8221;<\/a><\/li>\n<\/ol>\n<p>2021<\/p>\n<p><a href=\"\/2021\/04\/07\/dave\/\">1.Raphaela Edelbauer &#8220;Dave&#8221;<\/a><\/p>\n<p><a href=\"\/literaturgefluester.wordpress.com\/2021\/10\/30\/morituri\/\">2. Olga Flor &#8220;Morituri&#8221;<\/a><\/p>\n<p><a href=\"https:\/\/literaturgefluester.wordpress.com\/2021\/10\/09\/vati\/\">3. Monika Helfer &#8220;Vati&#8221;<\/a><\/p>\n<p><a href=\"\/2021\/08\/01\/der-charme-der-langenwege\/\">4.Hanno Millesi &#8220;Der Charme der langen Wege&#8221;<\/a><\/p>\n<p><a href=\"\/literaturgefluester.wordpress.com\/2021\/11\/06\/lachen-und-sterben\/\">5. Franz Schuh &#8220;Lachen und Sterben&#8221;<\/a><\/p>\n<p><a href=\"\/literaturgefluester.wordpress.com\/2021\/11\/07\/neun-seltsame-frauen\/\">6.Daniela Chana &#8220;Neun seltsame Frauen&#8221;<\/a><\/p>\n<p><a href=\"\/\/literaturgefluester.wordpress.com\/2021\/11\/20\/mein-lieblingstier-heisst-winter\/\">7.Ferdinand Schmalz &#8220;Mein Lieblingstier hei\u00dft Winter&#8221;<\/a><\/p>\n<p>8<a href=\"\/\/literaturgefluester.wordpress.com\/2021\/11\/26\/1431\/#respond\">.Sophie Reyer &#8220;1431&#8221;<\/a><\/p>\n<p>9. <a href=\"\/literaturgefluester.wordpress.com\/2021\/12\/12\/nil\/?preview_id=110779&amp;preview_nonce=32917ae055&amp;preview=true\">Anna Bahr &#8220;Nil&#8221;<\/a><\/p>\n<p>10.<a href=\"\/\/literaturgefluester.wordpress.com\/2021\/12\/23\/das-gluck-ist-eine-bohne\/\"> Teresa Pr\u00e4auer &#8220;Das Gl\u00fcck ist eine Bohne&#8221;<\/a><\/p>\n<p>Debuts:<\/p>\n<p><a href=\"\/literaturgefluester.wordpress.com\/2021\/10\/26\/revolver-christi\/\">1.Anna Albinus &#8220;Revolver Christi&#8221;<\/a><\/p>\n<p><a href=\"\/\/literaturgefluester.wordpress.com\/2021\/11\/11\/jacob-traumt-nicht-mehr\/\">2. Clemens Bruno Gatzmaga &#8220;Jacob&nbsp; tr\u00e4umt nicht mehr&#8221;<\/a><\/p>\n<p><a href=\"\/\/literaturgefluester.wordpress.com\/2021\/12\/21\/schnittbild\/\">3.Anna Felnhofer &#8220;Schnittbild&#8221;<\/a><\/p>\n\n\n<p>2022<\/p>\n\n\n\n<ol class=\"wp-block-list\">\n<li><a href=\"https:\/\/literaturgefluester.wordpress.com\/\">Helena Adler &#8220;Fretten&#8221;<\/a><\/li>\n\n\n\n<li><a href=\"https:\/\/literaturgefluester.wordpress.com\/2022\/05\/08\/atemhaut\/\">Iris Blauensteiner &#8220;Atemhaut&#8221;<\/a><\/li>\n\n\n\n<li><a href=\"https:\/\/literaturgefluester.wordpress.com\/2022\/10\/22\/wilderer\/\">Reinhard Kaiser-M\u00fchlecker &#8220;Wilderer&#8221;<\/a><\/li>\n\n\n\n<li><a href=\"https:\/\/literaturgefluester.wordpress.com\/2022\/10\/14\/geschichte-eines-kindes\/\">Anna Kim &#8220;Geschichte eines Kindes&#8221;<\/a><\/li>\n\n\n\n<li><a href=\"https:\/\/literaturgefluester.wordpress.com\/2022\/11\/24\/die-dringlichkeit-der-dinge\/\">Markus Grundtner &#8220;Die Dringlichkeit der Dinge&#8221;<\/a><\/li>\n\n\n\n<li><a href=\"https:\/\/literaturgefluester.wordpress.com\/2022\/11\/26\/madchen\/\">Teresa Pr\u00e4auer &#8220;M\u00e4dchen&#8221;<\/a><\/li>\n\n\n\n<li><a href=\"https:\/\/literaturgefluester.wordpress.com\/2022\/12\/04\/quecksilberlicht\/\">Thomas Stangl &#8220;Quecksilberlicht&#8221;<\/a><\/li>\n\n\n\n<li><a href=\"https:\/\/literaturgefluester.wordpress.com\/2022\/11\/25\/die-erweiterung\/\">Robert Menasse &#8220;Die Erweiterung&#8221;<\/a><\/li>\n\n\n\n<li><a href=\"https:\/\/literaturgefluester.wordpress.com\/2022\/12\/10\/mon-cheri-und-unsere-demolierten-seelen\/\">Verena Ro\u00dfbacher &#8220;Mon Cheri und unsere demolierten Seelen&#8221;<\/a><\/li>\n\n\n\n<li><a href=\"https:\/\/literaturgefluester.wordpress.com\/2022\/12\/21\/bettgeschichten-und-andere\/\">Monika Helfer &#8220;Bettgeschichten und andere&#8221;<\/a><\/li>\n<\/ol>\n\n\n\n<p>Debuts:<\/p>\n\n\n\n<p>1.<a href=\"https:\/\/literaturgefluester.wordpress.com\/2022\/11\/23\/maremma\/\">Anna Maria Stadler &#8220;Maremma&#8221;<\/a><\/p>\n\n\n\n<p>2.<a href=\"https:\/\/literaturgefluester.wordpress.com\/2022\/12\/01\/luftposter\/\">Lena-Marie Biertimple &#8220;Luftpolster&#8221;<\/a><\/p>\n\n\n\n<p>3.<a href=\"https:\/\/literaturgefluester.wordpress.com\/2022\/12\/17\/ich-fohne-mir-meine-wimpern\/\">Sirka Elspa\u00df &#8220;ich f\u00f6hne mir meine wimpern&#8221;<\/a><\/p>\n","protected":false},"excerpt":{"rendered":"<p>Gelesene B\u00fccher: 2016. 1.Anna Mitgutsch &#8220;Die Ann\u00e4herung&#8221; 2. Peter Waterhouse &#8220;Die Auswandernden&#8221; 3. Kathrin R\u00f6ggla &#8220;Nachtsendung&#8221; 4.Daniela Emminger &#8220;Gemischter Satz&#8221; 5.Rainer Kaiser M\u00fchlecker &#8220;Fremde Seele dunkler Wald&#8221; 6. Peter Henisch &#8220;Suchbild mit Katze&#8221; 7. Sabine Gruber &#8220;Daldossi oder Das Leben &hellip; <a href=\"https:\/\/literaturgefluester.akis.site\/?page_id=64123\">Continue reading <span class=\"meta-nav\">&rarr;<\/span><\/a><\/p>\n","protected":false},"author":1,"featured_media":0,"parent":0,"menu_order":12,"comment_status":"closed","ping_status":"closed","template":"","meta":{"footnotes":""},"class_list":["post-64123","page","type-page","status-publish","hentry"],"_links":{"self":[{"href":"https:\/\/literaturgefluester.akis.site\/index.php?rest_route=\/wp\/v2\/pages\/64123","targetHints":{"allow":["GET"]}}],"collection":[{"href":"https:\/\/literaturgefluester.akis.site\/index.php?rest_route=\/wp\/v2\/pages"}],"about":[{"href":"https:\/\/literaturgefluester.akis.site\/index.php?rest_route=\/wp\/v2\/types\/page"}],"author":[{"embeddable":true,"href":"https:\/\/literaturgefluester.akis.site\/index.php?rest_route=\/wp\/v2\/users\/1"}],"replies":[{"embeddable":true,"href":"https:\/\/literaturgefluester.akis.site\/index.php?rest_route=%2Fwp%2Fv2%2Fcomments&post=64123"}],"version-history":[{"count":0,"href":"https:\/\/literaturgefluester.akis.site\/index.php?rest_route=\/wp\/v2\/pages\/64123\/revisions"}],"wp:attachment":[{"href":"https:\/\/literaturgefluester.akis.site\/index.php?rest_route=%2Fwp%2Fv2%2Fmedia&parent=64123"}],"curies":[{"name":"wp","href":"https:\/\/api.w.org\/{rel}","templated":true}]}}